{"id":1724,"date":"2024-08-27T13:18:45","date_gmt":"2024-08-27T13:18:45","guid":{"rendered":"https:\/\/freewinds.vabamu.ee\/brilliant\/"},"modified":"2024-10-10T08:19:14","modified_gmt":"2024-10-10T08:19:14","slug":"brilliant","status":"publish","type":"page","link":"https:\/\/freewinds.vabamu.ee\/et\/brilliant\/","title":{"rendered":"Brilliant"},"content":{"rendered":"\t\t<div data-elementor-type=\"wp-page\" data-elementor-id=\"1724\" class=\"elementor elementor-1724 elementor-852\" data-elementor-post-type=\"page\">\n\t\t\t\t<div class=\"elementor-element elementor-element-ce806fe e-con-full e-flex e-con e-parent\" data-id=\"ce806fe\" data-element_type=\"container\" data-settings=\"{&quot;background_background&quot;:&quot;classic&quot;}\">\n\t\t<div class=\"elementor-element elementor-element-afa89d2 e-con-full e-flex e-con e-child\" data-id=\"afa89d2\" data-element_type=\"container\" data-settings=\"{&quot;background_background&quot;:&quot;classic&quot;}\">\n\t\t<div class=\"elementor-element elementor-element-6a12916 e-con-full e-flex e-con e-child\" data-id=\"6a12916\" data-element_type=\"container\" data-settings=\"{&quot;background_background&quot;:&quot;classic&quot;}\">\n\t\t\t\t<div class=\"elementor-element elementor-element-4116f60 elementor-widget elementor-widget-template\" data-id=\"4116f60\" data-element_type=\"widget\" data-widget_type=\"template.default\">\n\t\t\t\t<div class=\"elementor-widget-container\">\n\t\t\t\t\t<div class=\"elementor-template\">\n\t\t\t\t\t<div data-elementor-type=\"page\" data-elementor-id=\"2447\" class=\"elementor elementor-2447 elementor-2446\" data-elementor-post-type=\"elementor_library\">\n\t\t\t\t<div class=\"elementor-element elementor-element-2d3eb771 e-con-full e-flex e-con e-child\" data-id=\"2d3eb771\" data-element_type=\"container\" data-settings=\"{&quot;background_background&quot;:&quot;classic&quot;,&quot;sticky&quot;:&quot;top&quot;,&quot;sticky_on&quot;:[&quot;tablet&quot;,&quot;mobile&quot;],&quot;sticky_offset_tablet&quot;:119,&quot;sticky_offset_mobile&quot;:110,&quot;sticky_offset&quot;:0,&quot;sticky_effects_offset&quot;:0}\">\n\t\t\t\t<div class=\"elementor-element elementor-element-96cba2d elementor-widget-tablet__width-initial elementor-hidden-desktop elementor-widget elementor-widget-text-editor\" data-id=\"96cba2d\" data-element_type=\"widget\" data-settings=\"{&quot;sticky&quot;:&quot;top&quot;,&quot;sticky_on&quot;:[&quot;desktop&quot;,&quot;tablet&quot;,&quot;mobile&quot;],&quot;sticky_offset&quot;:0,&quot;sticky_effects_offset&quot;:0}\" data-widget_type=\"text-editor.default\">\n\t\t\t\t<div class=\"elementor-widget-container\">\n\t\t\t<style>\/*! elementor - v3.23.0 - 05-08-2024 *\/\n.elementor-widget-text-editor.elementor-drop-cap-view-stacked .elementor-drop-cap{background-color:#69727d;color:#fff}.elementor-widget-text-editor.elementor-drop-cap-view-framed .elementor-drop-cap{color:#69727d;border:3px solid;background-color:transparent}.elementor-widget-text-editor:not(.elementor-drop-cap-view-default) .elementor-drop-cap{margin-top:8px}.elementor-widget-text-editor:not(.elementor-drop-cap-view-default) .elementor-drop-cap-letter{width:1em;height:1em}.elementor-widget-text-editor .elementor-drop-cap{float:left;text-align:center;line-height:1;font-size:50px}.elementor-widget-text-editor .elementor-drop-cap-letter{display:inline-block}<\/style>\t\t\t\t<p>Alused<\/p>\t\t\t\t\t\t<\/div>\n\t\t\t\t<\/div>\n\t\t\t\t<div class=\"elementor-element elementor-element-5d280a7 elementor-nav-menu__align-start elementor-widget__width-inherit elementor-nav-menu__text-align-center elementor-widget-tablet__width-initial elementor-nav-menu--dropdown-tablet elementor-nav-menu--toggle elementor-nav-menu--burger elementor-widget elementor-widget-nav-menu\" data-id=\"5d280a7\" data-element_type=\"widget\" data-settings=\"{&quot;layout&quot;:&quot;vertical&quot;,&quot;submenu_icon&quot;:{&quot;value&quot;:&quot;&lt;svg class=\\&quot;e-font-icon-svg e-fas-caret-down\\&quot; viewBox=\\&quot;0 0 320 512\\&quot; xmlns=\\&quot;http:\\\/\\\/www.w3.org\\\/2000\\\/svg\\&quot;&gt;&lt;path d=\\&quot;M31.3 192h257.3c17.8 0 26.7 21.5 14.1 34.1L174.1 354.8c-7.8 7.8-20.5 7.8-28.3 0L17.2 226.1C4.6 213.5 13.5 192 31.3 192z\\&quot;&gt;&lt;\\\/path&gt;&lt;\\\/svg&gt;&quot;,&quot;library&quot;:&quot;fa-solid&quot;},&quot;toggle&quot;:&quot;burger&quot;}\" data-widget_type=\"nav-menu.default\">\n\t\t\t\t<div class=\"elementor-widget-container\">\n\t\t\t<link rel=\"stylesheet\" href=\"https:\/\/freewinds.vabamu.ee\/wp-content\/plugins\/elementor-pro\/assets\/css\/widget-nav-menu.min.css?ver=1728544689\">\t\t\t<nav aria-label=\"Menu\" class=\"elementor-nav-menu--main elementor-nav-menu__container elementor-nav-menu--layout-vertical e--pointer-underline e--animation-fade\">\n\t\t\t\t<ul id=\"menu-1-5d280a7\" class=\"elementor-nav-menu sm-vertical\"><li class=\"menu-item menu-item-type-post_type menu-item-object-page menu-item-1149\"><a href=\"https:\/\/freewinds.vabamu.ee\/astrid\/\" class=\"elementor-item\">Astrid<\/a><\/li>\n<li class=\"menu-item menu-item-type-post_type menu-item-object-page menu-item-1150\"><a href=\"https:\/\/freewinds.vabamu.ee\/atlanta\/\" class=\"elementor-item\">Atlanta<\/a><\/li>\n<li class=\"menu-item menu-item-type-post_type menu-item-object-page menu-item-1152\"><a href=\"https:\/\/freewinds.vabamu.ee\/capry\/\" class=\"elementor-item\">Capry<\/a><\/li>\n<li class=\"menu-item menu-item-type-post_type menu-item-object-page menu-item-1154\"><a href=\"https:\/\/freewinds.vabamu.ee\/ostervag\/\" class=\"elementor-item\">O\u0308sterv\u00e5g<\/a><\/li>\n<li class=\"menu-item menu-item-type-post_type menu-item-object-page menu-item-1157\"><a href=\"https:\/\/freewinds.vabamu.ee\/ss-walnut\/\" class=\"elementor-item\">Walnut<\/a><\/li>\n<li class=\"menu-item menu-item-type-post_type menu-item-object-page menu-item-1158\"><a href=\"https:\/\/freewinds.vabamu.ee\/we-gladstone\/\" class=\"elementor-item\">Gladstone<\/a><\/li>\n<li class=\"menu-item menu-item-type-post_type menu-item-object-page menu-item-1151\"><a href=\"https:\/\/freewinds.vabamu.ee\/brilliant\/\" class=\"elementor-item\">Brilliant<\/a><\/li>\n<li class=\"menu-item menu-item-type-post_type menu-item-object-page menu-item-1155\"><a href=\"https:\/\/freewinds.vabamu.ee\/parnu\/\" class=\"elementor-item\">P\u00e4rnu<\/a><\/li>\n<li class=\"menu-item menu-item-type-post_type menu-item-object-page menu-item-1156\"><a href=\"https:\/\/freewinds.vabamu.ee\/sarabande\/\" class=\"elementor-item\">Sarabande<\/a><\/li>\n<li class=\"menu-item menu-item-type-post_type menu-item-object-page menu-item-1148\"><a href=\"https:\/\/freewinds.vabamu.ee\/amanda\/\" class=\"elementor-item\">Amanda<\/a><\/li>\n<li class=\"menu-item menu-item-type-post_type menu-item-object-page menu-item-1153\"><a href=\"https:\/\/freewinds.vabamu.ee\/goran\/\" class=\"elementor-item\">G\u00f6ran<\/a><\/li>\n<li class=\"menu-item menu-item-type-post_type menu-item-object-page menu-item-1879\"><a href=\"https:\/\/freewinds.vabamu.ee\/a-refugees-story\/\" class=\"elementor-item\">P\u00f5geniku lugu<\/a><\/li>\n<\/ul>\t\t\t<\/nav>\n\t\t\t\t\t<div class=\"elementor-menu-toggle\" role=\"button\" tabindex=\"0\" aria-label=\"Menu Toggle\" aria-expanded=\"false\">\n\t\t\t<svg aria-hidden=\"true\" role=\"presentation\" class=\"elementor-menu-toggle__icon--open e-font-icon-svg e-eicon-menu-bar\" viewBox=\"0 0 1000 1000\" xmlns=\"http:\/\/www.w3.org\/2000\/svg\"><path d=\"M104 333H896C929 333 958 304 958 271S929 208 896 208H104C71 208 42 237 42 271S71 333 104 333ZM104 583H896C929 583 958 554 958 521S929 458 896 458H104C71 458 42 487 42 521S71 583 104 583ZM104 833H896C929 833 958 804 958 771S929 708 896 708H104C71 708 42 737 42 771S71 833 104 833Z\"><\/path><\/svg><svg aria-hidden=\"true\" role=\"presentation\" class=\"elementor-menu-toggle__icon--close e-font-icon-svg e-eicon-close\" viewBox=\"0 0 1000 1000\" xmlns=\"http:\/\/www.w3.org\/2000\/svg\"><path d=\"M742 167L500 408 258 167C246 154 233 150 217 150 196 150 179 158 167 167 154 179 150 196 150 212 150 229 154 242 171 254L408 500 167 742C138 771 138 800 167 829 196 858 225 858 254 829L496 587 738 829C750 842 767 846 783 846 800 846 817 842 829 829 842 817 846 804 846 783 846 767 842 750 829 737L588 500 833 258C863 229 863 200 833 171 804 137 775 137 742 167Z\"><\/path><\/svg>\t\t\t<span class=\"elementor-screen-only\">Menu<\/span>\n\t\t<\/div>\n\t\t\t\t\t<nav class=\"elementor-nav-menu--dropdown elementor-nav-menu__container\" aria-hidden=\"true\">\n\t\t\t\t<ul id=\"menu-2-5d280a7\" class=\"elementor-nav-menu sm-vertical\"><li class=\"menu-item menu-item-type-post_type menu-item-object-page menu-item-1149\"><a href=\"https:\/\/freewinds.vabamu.ee\/astrid\/\" class=\"elementor-item\" tabindex=\"-1\">Astrid<\/a><\/li>\n<li class=\"menu-item menu-item-type-post_type menu-item-object-page menu-item-1150\"><a href=\"https:\/\/freewinds.vabamu.ee\/atlanta\/\" class=\"elementor-item\" tabindex=\"-1\">Atlanta<\/a><\/li>\n<li class=\"menu-item menu-item-type-post_type menu-item-object-page menu-item-1152\"><a href=\"https:\/\/freewinds.vabamu.ee\/capry\/\" class=\"elementor-item\" tabindex=\"-1\">Capry<\/a><\/li>\n<li class=\"menu-item menu-item-type-post_type menu-item-object-page menu-item-1154\"><a href=\"https:\/\/freewinds.vabamu.ee\/ostervag\/\" class=\"elementor-item\" tabindex=\"-1\">O\u0308sterv\u00e5g<\/a><\/li>\n<li class=\"menu-item menu-item-type-post_type menu-item-object-page menu-item-1157\"><a href=\"https:\/\/freewinds.vabamu.ee\/ss-walnut\/\" class=\"elementor-item\" tabindex=\"-1\">Walnut<\/a><\/li>\n<li class=\"menu-item menu-item-type-post_type menu-item-object-page menu-item-1158\"><a href=\"https:\/\/freewinds.vabamu.ee\/we-gladstone\/\" class=\"elementor-item\" tabindex=\"-1\">Gladstone<\/a><\/li>\n<li class=\"menu-item menu-item-type-post_type menu-item-object-page menu-item-1151\"><a href=\"https:\/\/freewinds.vabamu.ee\/brilliant\/\" class=\"elementor-item\" tabindex=\"-1\">Brilliant<\/a><\/li>\n<li class=\"menu-item menu-item-type-post_type menu-item-object-page menu-item-1155\"><a href=\"https:\/\/freewinds.vabamu.ee\/parnu\/\" class=\"elementor-item\" tabindex=\"-1\">P\u00e4rnu<\/a><\/li>\n<li class=\"menu-item menu-item-type-post_type menu-item-object-page menu-item-1156\"><a href=\"https:\/\/freewinds.vabamu.ee\/sarabande\/\" class=\"elementor-item\" tabindex=\"-1\">Sarabande<\/a><\/li>\n<li class=\"menu-item menu-item-type-post_type menu-item-object-page menu-item-1148\"><a href=\"https:\/\/freewinds.vabamu.ee\/amanda\/\" class=\"elementor-item\" tabindex=\"-1\">Amanda<\/a><\/li>\n<li class=\"menu-item menu-item-type-post_type menu-item-object-page menu-item-1153\"><a href=\"https:\/\/freewinds.vabamu.ee\/goran\/\" class=\"elementor-item\" tabindex=\"-1\">G\u00f6ran<\/a><\/li>\n<li class=\"menu-item menu-item-type-post_type menu-item-object-page menu-item-1879\"><a href=\"https:\/\/freewinds.vabamu.ee\/a-refugees-story\/\" class=\"elementor-item\" tabindex=\"-1\">P\u00f5geniku lugu<\/a><\/li>\n<\/ul>\t\t\t<\/nav>\n\t\t\t\t<\/div>\n\t\t\t\t<\/div>\n\t\t\t\t<\/div>\n\t\t\t\t<\/div>\n\t\t\t\t<\/div>\n\t\t\t\t<\/div>\n\t\t\t\t<\/div>\n\t\t\t\t<\/div>\n\t\t<div class=\"elementor-element elementor-element-07b9967 e-con-full e-flex e-con e-child\" data-id=\"07b9967\" data-element_type=\"container\">\n\t\t\t\t<div class=\"elementor-element elementor-element-0e03d77 elementor-widget elementor-widget-template\" data-id=\"0e03d77\" data-element_type=\"widget\" data-widget_type=\"template.default\">\n\t\t\t\t<div class=\"elementor-widget-container\">\n\t\t\t\t\t<div class=\"elementor-template\">\n\t\t\t\t\t<div data-elementor-type=\"page\" data-elementor-id=\"1663\" class=\"elementor elementor-1663 elementor-851\" data-elementor-post-type=\"elementor_library\">\n\t\t\t\t<div class=\"elementor-element elementor-element-1245d5ce e-flex e-con-boxed e-con e-parent\" data-id=\"1245d5ce\" data-element_type=\"container\">\n\t\t\t\t\t<div class=\"e-con-inner\">\n\t\t<div class=\"elementor-element elementor-element-4141619f e-con-full e-flex e-con e-child\" data-id=\"4141619f\" data-element_type=\"container\">\n\t\t<div class=\"elementor-element elementor-element-206f6784 e-con-full e-transform e-transform e-flex e-con e-child\" data-id=\"206f6784\" data-element_type=\"container\" data-settings=\"{&quot;background_background&quot;:&quot;classic&quot;,&quot;_transform_translateY_effect&quot;:{&quot;unit&quot;:&quot;px&quot;,&quot;size&quot;:0,&quot;sizes&quot;:[]},&quot;_transform_flipX_effect&quot;:&quot;transform&quot;,&quot;_transform_translateX_effect&quot;:{&quot;unit&quot;:&quot;px&quot;,&quot;size&quot;:&quot;&quot;,&quot;sizes&quot;:[]},&quot;_transform_translateX_effect_tablet&quot;:{&quot;unit&quot;:&quot;px&quot;,&quot;size&quot;:&quot;&quot;,&quot;sizes&quot;:[]},&quot;_transform_translateX_effect_mobile&quot;:{&quot;unit&quot;:&quot;px&quot;,&quot;size&quot;:&quot;&quot;,&quot;sizes&quot;:[]},&quot;_transform_translateY_effect_tablet&quot;:{&quot;unit&quot;:&quot;px&quot;,&quot;size&quot;:&quot;&quot;,&quot;sizes&quot;:[]},&quot;_transform_translateY_effect_mobile&quot;:{&quot;unit&quot;:&quot;px&quot;,&quot;size&quot;:&quot;&quot;,&quot;sizes&quot;:[]}}\">\n\t\t\t\t<div class=\"elementor-element elementor-element-72a7f2a7 e-transform e-transform elementor-widget elementor-widget-image\" data-id=\"72a7f2a7\" data-element_type=\"widget\" data-settings=\"{&quot;_transform_translateX_effect&quot;:{&quot;unit&quot;:&quot;px&quot;,&quot;size&quot;:20,&quot;sizes&quot;:[]},&quot;_transform_translateY_effect&quot;:{&quot;unit&quot;:&quot;px&quot;,&quot;size&quot;:-20,&quot;sizes&quot;:[]},&quot;_transform_flipX_effect&quot;:&quot;transform&quot;,&quot;_transform_translateX_effect_tablet&quot;:{&quot;unit&quot;:&quot;px&quot;,&quot;size&quot;:&quot;&quot;,&quot;sizes&quot;:[]},&quot;_transform_translateX_effect_mobile&quot;:{&quot;unit&quot;:&quot;px&quot;,&quot;size&quot;:&quot;&quot;,&quot;sizes&quot;:[]},&quot;_transform_translateY_effect_tablet&quot;:{&quot;unit&quot;:&quot;px&quot;,&quot;size&quot;:&quot;&quot;,&quot;sizes&quot;:[]},&quot;_transform_translateY_effect_mobile&quot;:{&quot;unit&quot;:&quot;px&quot;,&quot;size&quot;:&quot;&quot;,&quot;sizes&quot;:[]}}\" data-widget_type=\"image.default\">\n\t\t\t\t<div class=\"elementor-widget-container\">\n\t\t\t<style>\/*! elementor - v3.23.0 - 05-08-2024 *\/\n.elementor-widget-image{text-align:center}.elementor-widget-image a{display:inline-block}.elementor-widget-image a img[src$=\".svg\"]{width:48px}.elementor-widget-image img{vertical-align:middle;display:inline-block}<\/style>\t\t\t\t\t\t\t\t\t\t<img fetchpriority=\"high\" decoding=\"async\" width=\"536\" height=\"591\" src=\"https:\/\/freewinds.vabamu.ee\/wp-content\/uploads\/2024\/08\/Valis-Eesti_072449-3_Cutout_2.jpg\" class=\"attachment-large size-large wp-image-1524\" alt=\"\" srcset=\"https:\/\/freewinds.vabamu.ee\/wp-content\/uploads\/2024\/08\/Valis-Eesti_072449-3_Cutout_2.jpg 536w, https:\/\/freewinds.vabamu.ee\/wp-content\/uploads\/2024\/08\/Valis-Eesti_072449-3_Cutout_2-272x300.jpg 272w\" sizes=\"(max-width: 536px) 100vw, 536px\" \/>\t\t\t\t\t\t\t\t\t\t\t\t\t<\/div>\n\t\t\t\t<\/div>\n\t\t\t\t<div class=\"elementor-element elementor-element-20cbc3e3 e-transform e-transform elementor-widget elementor-widget-text-editor\" data-id=\"20cbc3e3\" data-element_type=\"widget\" data-settings=\"{&quot;_transform_translateX_effect&quot;:{&quot;unit&quot;:&quot;px&quot;,&quot;size&quot;:0,&quot;sizes&quot;:[]},&quot;_transform_translateY_effect&quot;:{&quot;unit&quot;:&quot;px&quot;,&quot;size&quot;:-16,&quot;sizes&quot;:[]},&quot;_transform_flipX_effect&quot;:&quot;transform&quot;,&quot;_transform_translateX_effect_tablet&quot;:{&quot;unit&quot;:&quot;px&quot;,&quot;size&quot;:&quot;&quot;,&quot;sizes&quot;:[]},&quot;_transform_translateX_effect_mobile&quot;:{&quot;unit&quot;:&quot;px&quot;,&quot;size&quot;:&quot;&quot;,&quot;sizes&quot;:[]},&quot;_transform_translateY_effect_tablet&quot;:{&quot;unit&quot;:&quot;px&quot;,&quot;size&quot;:&quot;&quot;,&quot;sizes&quot;:[]},&quot;_transform_translateY_effect_mobile&quot;:{&quot;unit&quot;:&quot;px&quot;,&quot;size&quot;:&quot;&quot;,&quot;sizes&quot;:[]}}\" data-widget_type=\"text-editor.default\">\n\t\t\t\t<div class=\"elementor-widget-container\">\n\t\t\t<style>\/*! elementor - v3.23.0 - 05-08-2024 *\/\n.elementor-widget-text-editor.elementor-drop-cap-view-stacked .elementor-drop-cap{background-color:#69727d;color:#fff}.elementor-widget-text-editor.elementor-drop-cap-view-framed .elementor-drop-cap{color:#69727d;border:3px solid;background-color:transparent}.elementor-widget-text-editor:not(.elementor-drop-cap-view-default) .elementor-drop-cap{margin-top:8px}.elementor-widget-text-editor:not(.elementor-drop-cap-view-default) .elementor-drop-cap-letter{width:1em;height:1em}.elementor-widget-text-editor .elementor-drop-cap{float:left;text-align:center;line-height:1;font-size:50px}.elementor-widget-text-editor .elementor-drop-cap-letter{display:inline-block}<\/style>\t\t\t\t<p><span style=\"font-weight: 400;\">24. juuli 1949 V\u00e4lis-Eesti ajaleht kinnitab, et Brilliant ja Gladstone j\u00f5udsid Kanadasse kohale, P\u00e4rnu ja Victory olid veel teel <\/span><span style=\"font-weight: 400;\">Halifaxi.<\/span><\/p>\t\t\t\t\t\t<\/div>\n\t\t\t\t<\/div>\n\t\t\t\t<\/div>\n\t\t\t\t<\/div>\n\t\t\t\t<div class=\"elementor-element elementor-element-1a144d94 elementor-widget elementor-widget-text-editor\" data-id=\"1a144d94\" data-element_type=\"widget\" data-widget_type=\"text-editor.default\">\n\t\t\t\t<div class=\"elementor-widget-container\">\n\t\t\t\t\t\t\t<h1>Brilliant<\/h1><p><span style=\"font-weight: 400;\">18-tonnine laev Brilliant (Briljant, Briljand, Briliantin) tegi p\u00f5genikega kaks reisi: 1948. ja 1949. aastal. <a href=\"https:\/\/freewinds.vabamu.ee\/et\/skagen\/\">Skageniga<\/a> 1948. aastal Rootsist Bostonisse seilanud Maimu Reinla kirjeldab oma m\u00e4lestustes (pikem tekst allpool), kuidas tema \u00fches rohkem kui 80 peamiselt l\u00e4tlasest p\u00f5genikuga hakkas Brilliantiga seilama suurema, 200-tonnise Skageni poole. See kalatraaler oli ankrus avamerel, et v\u00e4ltida Rootsi ametiv\u00f5ime, kes ei lubanud pardale v\u00f5tta rohkem kui 30 reisijat. Kuid Brilliant l\u00e4ks Skageni poole teele v\u00e4ga halva ilmaga ja oleks peaaegu p\u00f5hja l\u00e4inud.<\/span><\/p><p>9. juunil 1949 asus Brilliant Rootsist Kanada suunas teele. \u00dchendust laevaga ei olnud ja 13. juulil kirjutas Rootsi ajaleht <i>Dagens Nyheter<\/i>, et laev olla kadunud ja v\u00f5ib-olla uppunud. Kuid 24. juulil teatas ajaleht <i>V\u00e4lis-Eesti<\/i>, et Brilliant oli Kanadasse, Halifaxi kohale j\u00f5udnud, pardal 60 p\u00f5genikku. Ei ole selge, miks kulus laeval Atlandi \u00fcletamiseks nii palju aega, sest tavaliselt v\u00f5ttis see teekond paar-kolm n\u00e4dalat.\u00a0<\/p>\t\t\t\t\t\t<\/div>\n\t\t\t\t<\/div>\n\t\t\t\t\t<\/div>\n\t\t\t\t<\/div>\n\t\t<div class=\"elementor-element elementor-element-67e43887 e-flex e-con-boxed e-con e-parent\" data-id=\"67e43887\" data-element_type=\"container\">\n\t\t\t\t\t<div class=\"e-con-inner\">\n\t\t\t\t<div class=\"elementor-element elementor-element-3f2defe0 elementor-widget elementor-widget-text-editor\" data-id=\"3f2defe0\" data-element_type=\"widget\" data-widget_type=\"text-editor.default\">\n\t\t\t\t<div class=\"elementor-widget-container\">\n\t\t\t\t\t\t\t<p><strong>Maimu Reinla lugu<\/strong><\/p>\n<p>Maimu Reinla, kes j\u00f5udis Skageni pardal 1948. aastal USA idarannikule Bostonisse, kirjeldab oma l\u00fchikest, ent traumeerivat reisi Brilliantiga, et j\u00f5uda &#8220;emalaevale&#8221;:<\/p>\n<p><em>&#8220;Venemaa n\u00f5udis pidevalt, et Rootsi saadaks k\u00f5ik p\u00f5genikud tagasi ja me kartsime, et Venemaa v\u00f5ib sellep\u00e4rast Rootsit r\u00fcnnata. Kohtasime mehi, kes olid Vene vangilaagrist p\u00f5genenud ja nad jutustasid meile oma jubedatest \u00fcleelamistest. \u00dcks neist oli pidanud terve \u00f6\u00f6p\u00e4eva ennast j\u00f5es&nbsp; peitma nii et ainult pea veest v\u00e4ljas oli, kui venelased teda taga otsisid. Ta tervis pole sestsaadik taastunud.&nbsp;<\/em><\/p>\n<p><em><span style=\"font-weight: 400;\">Olime juba mitu aastat Rootsis elanud, kui kuulsime, et \u00fched l\u00e4tlased plaanivad v\u00e4ikese miinijahtijaga Ameerikasse reisida ning r\u00e4\u00e4kisime ennast nendega kaasa.&nbsp;<\/span><\/em><\/p>\n<p><em><span style=\"font-weight: 400;\">Selle laeva v\u00f5i paadi nimi, millega pidime reisima, oli Skagen. See 200-tonnine alus oli kasutuses olnud 45 aastat. Ta v\u00f5ttis koos meeskonnaga peale 30 inimest. Laeva tr\u00fcmmi ehitati 84 inimese jaoks kolmekorruselised koid. \u00dclej\u00e4\u00e4nud vaba ruumi v\u00f5tsid enda alla s\u00f6epunkrid ja aurumasin. Rootsi sadamaadministratsioon ei lubanud ohutuse kaalutlustel selliselt varustatud vana viikingipaati merele. Kuna \u00fcle 30 inimese pardale ei lubatud, t\u0161arterdasid \u00fclej\u00e4\u00e4nud 54 reisijat v\u00e4ikese 18-tonnise Briljandi, mis neid vabades vetes olevale Skagenile toimetas. 7. juunil kell \u00fcks l\u00e4ksime rongi peale, mis meid G\u00f6teborgist 60 miili jagu l\u00e4\u00e4nde toimetas ja seej\u00e4rel hakkasime jala minema Briljandi ankrupaiga poole. Laevaomanik oli meile vale kellaaja \u00f6elnud, sest halva ilma t\u00f5ttu oli v\u00e4ljas\u00f5idu kellaaega muudetud&nbsp; ning me ei s\u00f5itnud \u00f5ige rongiga. Kogu meie pagas oli juba pardal ning meie pidime neli tundi marssima \u00fcle m\u00e4gede, kaljude ja l\u00e4bi metsade, et kohtumispaika j\u00f5uda. Kuna me tundusime kahtlased, pidas politsei meid kinni ja k\u00fcsitles p\u00f5hjalikult. Meid viidi politseijaoskonda, kus pidime seletama, miks me nii paljukesi selles maakohas viibisime. K\u00f5ik meie Rootsis v\u00e4ljastatud pagulasepassid olid korras. Selgitasime, et olime&nbsp; teel 40 miili kaugusel asuvasse linna, et sealt Kanadasse teele asuda. Politsei hoiatas meid sellise v\u00e4ikese paadi peale minemast, kuna meiega oli nii palju v\u00e4ikesi, alla k\u00fcmneaastasi lapsi. Politsei paigutas meid k\u00f5iki \u00f6\u00f6seks hotelli. Kella k\u00fcmne ajal \u00f5htul ilmus kohale Briljandi kapten. P\u00e4rast pikki vaidlusi n\u00f5ustus ta kaasa v\u00f5tma vaid 12 inimest ja \u00fclej\u00e4\u00e4nud pidid rongiga tagasi linna s\u00f5itma, kuna politsei oli keelanud meil v\u00e4ikeste lastega jalgsi edasi minna. Maksime hotelliarved ja kella \u00fche paiku \u00f6\u00f6sel hiilisime \u00fckshaaval paljajalu teiselt korruselt alla, lapsed tekkidesse m\u00e4ssitud, et nad h\u00e4\u00e4lt ei teeks. Saime \u00f5nnelikult hotellist pakku ja j\u00e4tkasime teekonda laeva poole.&nbsp;<\/span><\/em><\/p>\n<p><em><span style=\"font-weight: 400;\">Ilmaolud soosisid meid \u2013 sadas nagu oavarrest ja l\u00f5i v\u00e4lku ning m\u00fcristas. Keegi ei oleks v\u00f5inud kahtlustada, et me sellise ilmaga v\u00e4ljas oleme. V\u00e4lgu valgusel l\u00e4bisime 15 miili nii kiiresti kui suutsime. Tited ja suuremad lapsed nutsid, meelde tulid hirmsad s\u00f5jam\u00e4lestused ja s\u00fc\u00fcta inimeste kannatused. L\u00f5puks j\u00f5udsime rannale, kus laev meid kannatlikult ootas. Merel v\u00f5itles Briljand 14 tundi tormiga. Alus hakkas lekkima, tekil asuvad kastid s\u00f5itsid edasi-tagasi ja lahtised asjad p\u00fchiti merre. K\u00f5ik liikus ja m\u00fcrtsus vastu laevak\u00fclgi. Inimesed palvetasid ning ihkasid tagasi kuivale maale. J\u00e4ime merehaigeks, eriti kannatasid mehed. S\u00f6\u00f6ki ega vett meil kaasas polnud, sest ilusa ilmaga kulub selleks reisiks tavaliselt vaid kaks tundi. Keegi ei hoolinud enam Ameerikast, k\u00f5igil oli k\u00fcllalt saanud. Kapten viis meid tormivarju l\u00e4himasse randumispaika ja ajas meid seal metsa peitu. Ise s\u00f5itis ta Briljandiga meie suurt laeva otsima, sest tormi t\u00f5ttu ei olnud me seda leidnud. Enne lahkumist t\u00f5i ta meile veel s\u00f6\u00f6ki ja vett. Skageni leidis ta alles kahe p\u00e4eva p\u00e4rast, sest seegi laev oli tormi eest \u00fchte Taani sadamasse varju l\u00e4inud. Laev leitud, hakati uuesti korraldama meie \u00e4ratoomist.&nbsp;<\/span><\/em><\/p>\n<p><em><span style=\"font-weight: 400;\">Kui me seal metsas redutasime, lugesime ajalehest, kuidas me olime hotellist p\u00f5genenud. Ametiv\u00f5imud pidasid meid hulludeks, et kuuek\u00fcmnekesi 18-tonnise paadiga taolist reisi kavatsesime ette v\u00f5tta. Aga neil polnud aimugi, et me olime endiselt Rootsis ja peitsime end \u00fche suure linna l\u00e4histel metsas. <\/span><\/em><\/p>\n<p><em>9. juuni \u00f5htul kell \u00fcheksa alustasime taas kahetunnist teekonda Skagenile. P\u00e4rast tunniajast s\u00f5itu juhtus meil j\u00e4lle \u00f5nnetus, aga seekord oli see t\u00f5sisem. Briljand s\u00f5itis kaljur\u00fcnka otsa ja seal me \u00f5\u00f5tsusime 45-kraadise nurga all kuni j\u00e4rgmise hommikuni. Tegime k\u00f5ike, mida suutsime, et paati lahti saada, aga miski ei aidanud. Olime valmis kogu reisist loobuma, et vaid Rootsi tagasi j\u00f5uda. Kui me j\u00f5upingutused olid t\u00fchja l\u00e4inud, oli kapten sunnitud v\u00e4lja saatma SOS-signaali ja palus m\u00f6\u00f6duval kalapaadil meile appi tulla. Meid saadeti tr\u00fcmmi peitu. See kalapaat p\u00fc\u00fcdis laeva kalju pealt lahti t\u00f5mmata, aga puksiirk\u00f6is l\u00e4ks katki ja keris ennast \u00fcmber s\u00f5ukruvi. N\u00fc\u00fcd oli meil \u00fche asemel kaks h\u00e4das laeva. Kalapaat triivis ilma mootorita allatuult, et s\u00f5ukruvi vabastada. Nad tulid kolme tunni p\u00e4rast tagasi (siis oli juba hommik) ja l\u00f5puks \u00f5nnestus neil meid kaljult lahti saada. Olime v\u00e4sinud ja n\u00e4ljased, kuid sellegipoolest v\u00e4ga r\u00f5\u00f5msad ning asusime uuesti Skagenit otsima, mis kusagil P\u00f5hjamerel meid ootas. L\u00f5puks saime uues kohtumispaigas kokku. \u00dclej\u00e4\u00e4nud reis kulges ilma seiklusteta.&#8221;<\/em><\/p>\t\t\t\t\t\t<\/div>\n\t\t\t\t<\/div>\n\t\t\t\t\t<\/div>\n\t\t\t\t<\/div>\n\t\t\t\t<\/div>\n\t\t\t\t<\/div>\n\t\t\t\t<\/div>\n\t\t\t\t<\/div>\n\t\t\t\t<\/div>\n\t\t\t\t<\/div>\n\t\t\t\t<\/div>\n\t\t\t\t<\/div>\n\t\t","protected":false},"excerpt":{"rendered":"","protected":false},"author":3,"featured_media":0,"parent":0,"menu_order":0,"comment_status":"closed","ping_status":"closed","template":"","meta":{"footnotes":""},"class_list":["post-1724","page","type-page","status-publish","hentry"],"_links":{"self":[{"href":"https:\/\/freewinds.vabamu.ee\/et\/wp-json\/wp\/v2\/pages\/1724","targetHints":{"allow":["GET"]}}],"collection":[{"href":"https:\/\/freewinds.vabamu.ee\/et\/wp-json\/wp\/v2\/pages"}],"about":[{"href":"https:\/\/freewinds.vabamu.ee\/et\/wp-json\/wp\/v2\/types\/page"}],"author":[{"embeddable":true,"href":"https:\/\/freewinds.vabamu.ee\/et\/wp-json\/wp\/v2\/users\/3"}],"replies":[{"embeddable":true,"href":"https:\/\/freewinds.vabamu.ee\/et\/wp-json\/wp\/v2\/comments?post=1724"}],"version-history":[{"count":0,"href":"https:\/\/freewinds.vabamu.ee\/et\/wp-json\/wp\/v2\/pages\/1724\/revisions"}],"wp:attachment":[{"href":"https:\/\/freewinds.vabamu.ee\/et\/wp-json\/wp\/v2\/media?parent=1724"}],"curies":[{"name":"wp","href":"https:\/\/api.w.org\/{rel}","templated":true}]}}