{"id":2107,"date":"2024-07-31T14:32:45","date_gmt":"2024-07-31T14:32:45","guid":{"rendered":"https:\/\/freewinds.vabamu.ee\/broken-journeys\/"},"modified":"2024-10-10T08:36:09","modified_gmt":"2024-10-10T08:36:09","slug":"broken-journeys","status":"publish","type":"page","link":"https:\/\/freewinds.vabamu.ee\/et\/broken-journeys\/","title":{"rendered":"Broken journeys"},"content":{"rendered":"\t\t<div data-elementor-type=\"wp-page\" data-elementor-id=\"2107\" class=\"elementor elementor-2107 elementor-433\" data-elementor-post-type=\"page\">\n\t\t\t\t<div class=\"elementor-element elementor-element-ce806fe e-con-full e-flex e-con e-parent\" data-id=\"ce806fe\" data-element_type=\"container\" data-settings=\"{&quot;background_background&quot;:&quot;classic&quot;}\">\n\t\t<div class=\"elementor-element elementor-element-afa89d2 e-con-full e-flex e-con e-child\" data-id=\"afa89d2\" data-element_type=\"container\" data-settings=\"{&quot;background_background&quot;:&quot;classic&quot;}\">\n\t\t<div class=\"elementor-element elementor-element-6a12916 e-con-full e-flex e-con e-child\" data-id=\"6a12916\" data-element_type=\"container\" data-settings=\"{&quot;background_background&quot;:&quot;classic&quot;}\">\n\t\t\t\t<div class=\"elementor-element elementor-element-51e7262 elementor-widget elementor-widget-template\" data-id=\"51e7262\" data-element_type=\"widget\" data-widget_type=\"template.default\">\n\t\t\t\t<div class=\"elementor-widget-container\">\n\t\t\t\t\t<div class=\"elementor-template\">\n\t\t\t\t\t<div data-elementor-type=\"page\" data-elementor-id=\"2485\" class=\"elementor elementor-2485 elementor-2452\" data-elementor-post-type=\"elementor_library\">\n\t\t\t\t<div class=\"elementor-element elementor-element-2d3eb771 e-con-full e-flex e-con e-child\" data-id=\"2d3eb771\" data-element_type=\"container\" data-settings=\"{&quot;background_background&quot;:&quot;classic&quot;,&quot;sticky&quot;:&quot;top&quot;,&quot;sticky_on&quot;:[&quot;tablet&quot;,&quot;mobile&quot;],&quot;sticky_offset_tablet&quot;:119,&quot;sticky_offset_mobile&quot;:110,&quot;sticky_offset&quot;:0,&quot;sticky_effects_offset&quot;:0}\">\n\t\t\t\t<div class=\"elementor-element elementor-element-96cba2d elementor-widget-tablet__width-initial elementor-hidden-desktop elementor-widget elementor-widget-text-editor\" data-id=\"96cba2d\" data-element_type=\"widget\" data-settings=\"{&quot;sticky&quot;:&quot;top&quot;,&quot;sticky_on&quot;:[&quot;desktop&quot;,&quot;tablet&quot;,&quot;mobile&quot;],&quot;sticky_offset&quot;:0,&quot;sticky_effects_offset&quot;:0}\" data-widget_type=\"text-editor.default\">\n\t\t\t\t<div class=\"elementor-widget-container\">\n\t\t\t<style>\/*! elementor - v3.23.0 - 05-08-2024 *\/\n.elementor-widget-text-editor.elementor-drop-cap-view-stacked .elementor-drop-cap{background-color:#69727d;color:#fff}.elementor-widget-text-editor.elementor-drop-cap-view-framed .elementor-drop-cap{color:#69727d;border:3px solid;background-color:transparent}.elementor-widget-text-editor:not(.elementor-drop-cap-view-default) .elementor-drop-cap{margin-top:8px}.elementor-widget-text-editor:not(.elementor-drop-cap-view-default) .elementor-drop-cap-letter{width:1em;height:1em}.elementor-widget-text-editor .elementor-drop-cap{float:left;text-align:center;line-height:1;font-size:50px}.elementor-widget-text-editor .elementor-drop-cap-letter{display:inline-block}<\/style>\t\t\t\t<p>Alused<\/p>\t\t\t\t\t\t<\/div>\n\t\t\t\t<\/div>\n\t\t\t\t<div class=\"elementor-element elementor-element-5d280a7 elementor-nav-menu__align-start elementor-widget__width-inherit elementor-nav-menu__text-align-center elementor-widget-tablet__width-initial elementor-nav-menu--dropdown-tablet elementor-nav-menu--toggle elementor-nav-menu--burger elementor-widget elementor-widget-nav-menu\" data-id=\"5d280a7\" data-element_type=\"widget\" data-settings=\"{&quot;layout&quot;:&quot;vertical&quot;,&quot;submenu_icon&quot;:{&quot;value&quot;:&quot;&lt;svg class=\\&quot;e-font-icon-svg e-fas-caret-down\\&quot; viewBox=\\&quot;0 0 320 512\\&quot; xmlns=\\&quot;http:\\\/\\\/www.w3.org\\\/2000\\\/svg\\&quot;&gt;&lt;path d=\\&quot;M31.3 192h257.3c17.8 0 26.7 21.5 14.1 34.1L174.1 354.8c-7.8 7.8-20.5 7.8-28.3 0L17.2 226.1C4.6 213.5 13.5 192 31.3 192z\\&quot;&gt;&lt;\\\/path&gt;&lt;\\\/svg&gt;&quot;,&quot;library&quot;:&quot;fa-solid&quot;},&quot;toggle&quot;:&quot;burger&quot;}\" data-widget_type=\"nav-menu.default\">\n\t\t\t\t<div class=\"elementor-widget-container\">\n\t\t\t<link rel=\"stylesheet\" href=\"https:\/\/freewinds.vabamu.ee\/wp-content\/plugins\/elementor-pro\/assets\/css\/widget-nav-menu.min.css?ver=1728544689\">\t\t\t<nav aria-label=\"Menu\" class=\"elementor-nav-menu--main elementor-nav-menu__container elementor-nav-menu--layout-vertical e--pointer-underline e--animation-fade\">\n\t\t\t\t<ul id=\"menu-1-5d280a7\" class=\"elementor-nav-menu sm-vertical\"><li class=\"menu-item menu-item-type-post_type menu-item-object-page menu-item-2099\"><a href=\"https:\/\/freewinds.vabamu.ee\/victory\/\" class=\"elementor-item\">Victory<\/a><\/li>\n<li class=\"menu-item menu-item-type-post_type menu-item-object-page menu-item-2100\"><a href=\"https:\/\/freewinds.vabamu.ee\/billy\/\" class=\"elementor-item\">Billy<\/a><\/li>\n<li class=\"menu-item menu-item-type-post_type menu-item-object-page menu-item-2101\"><a href=\"https:\/\/freewinds.vabamu.ee\/ruth\/\" class=\"elementor-item\">Ruth<\/a><\/li>\n<li class=\"menu-item menu-item-type-post_type menu-item-object-page menu-item-2163\"><a href=\"https:\/\/freewinds.vabamu.ee\/elvi\/\" class=\"elementor-item\">Elvi<\/a><\/li>\n<li class=\"menu-item menu-item-type-post_type menu-item-object-page menu-item-2103\"><a href=\"https:\/\/freewinds.vabamu.ee\/aina\/\" class=\"elementor-item\">Aina<\/a><\/li>\n<li class=\"menu-item menu-item-type-post_type menu-item-object-page menu-item-2104\"><a href=\"https:\/\/freewinds.vabamu.ee\/other-broken-journeys\/\" class=\"elementor-item\">Teised katkenud reisid<\/a><\/li>\n<\/ul>\t\t\t<\/nav>\n\t\t\t\t\t<div class=\"elementor-menu-toggle\" role=\"button\" tabindex=\"0\" aria-label=\"Menu Toggle\" aria-expanded=\"false\">\n\t\t\t<svg aria-hidden=\"true\" role=\"presentation\" class=\"elementor-menu-toggle__icon--open e-font-icon-svg e-eicon-menu-bar\" viewBox=\"0 0 1000 1000\" xmlns=\"http:\/\/www.w3.org\/2000\/svg\"><path d=\"M104 333H896C929 333 958 304 958 271S929 208 896 208H104C71 208 42 237 42 271S71 333 104 333ZM104 583H896C929 583 958 554 958 521S929 458 896 458H104C71 458 42 487 42 521S71 583 104 583ZM104 833H896C929 833 958 804 958 771S929 708 896 708H104C71 708 42 737 42 771S71 833 104 833Z\"><\/path><\/svg><svg aria-hidden=\"true\" role=\"presentation\" class=\"elementor-menu-toggle__icon--close e-font-icon-svg e-eicon-close\" viewBox=\"0 0 1000 1000\" xmlns=\"http:\/\/www.w3.org\/2000\/svg\"><path d=\"M742 167L500 408 258 167C246 154 233 150 217 150 196 150 179 158 167 167 154 179 150 196 150 212 150 229 154 242 171 254L408 500 167 742C138 771 138 800 167 829 196 858 225 858 254 829L496 587 738 829C750 842 767 846 783 846 800 846 817 842 829 829 842 817 846 804 846 783 846 767 842 750 829 737L588 500 833 258C863 229 863 200 833 171 804 137 775 137 742 167Z\"><\/path><\/svg>\t\t\t<span class=\"elementor-screen-only\">Menu<\/span>\n\t\t<\/div>\n\t\t\t\t\t<nav class=\"elementor-nav-menu--dropdown elementor-nav-menu__container\" aria-hidden=\"true\">\n\t\t\t\t<ul id=\"menu-2-5d280a7\" class=\"elementor-nav-menu sm-vertical\"><li class=\"menu-item menu-item-type-post_type menu-item-object-page menu-item-2099\"><a href=\"https:\/\/freewinds.vabamu.ee\/victory\/\" class=\"elementor-item\" tabindex=\"-1\">Victory<\/a><\/li>\n<li class=\"menu-item menu-item-type-post_type menu-item-object-page menu-item-2100\"><a href=\"https:\/\/freewinds.vabamu.ee\/billy\/\" class=\"elementor-item\" tabindex=\"-1\">Billy<\/a><\/li>\n<li class=\"menu-item menu-item-type-post_type menu-item-object-page menu-item-2101\"><a href=\"https:\/\/freewinds.vabamu.ee\/ruth\/\" class=\"elementor-item\" tabindex=\"-1\">Ruth<\/a><\/li>\n<li class=\"menu-item menu-item-type-post_type menu-item-object-page menu-item-2163\"><a href=\"https:\/\/freewinds.vabamu.ee\/elvi\/\" class=\"elementor-item\" tabindex=\"-1\">Elvi<\/a><\/li>\n<li class=\"menu-item menu-item-type-post_type menu-item-object-page menu-item-2103\"><a href=\"https:\/\/freewinds.vabamu.ee\/aina\/\" class=\"elementor-item\" tabindex=\"-1\">Aina<\/a><\/li>\n<li class=\"menu-item menu-item-type-post_type menu-item-object-page menu-item-2104\"><a href=\"https:\/\/freewinds.vabamu.ee\/other-broken-journeys\/\" class=\"elementor-item\" tabindex=\"-1\">Teised katkenud reisid<\/a><\/li>\n<\/ul>\t\t\t<\/nav>\n\t\t\t\t<\/div>\n\t\t\t\t<\/div>\n\t\t\t\t<\/div>\n\t\t\t\t<\/div>\n\t\t\t\t<\/div>\n\t\t\t\t<\/div>\n\t\t\t\t<\/div>\n\t\t\t\t<\/div>\n\t\t<div class=\"elementor-element elementor-element-07b9967 e-con-full e-flex e-con e-child\" data-id=\"07b9967\" data-element_type=\"container\">\n\t\t\t\t<div class=\"elementor-element elementor-element-2b5d22d elementor-widget elementor-widget-template\" data-id=\"2b5d22d\" data-element_type=\"widget\" data-widget_type=\"template.default\">\n\t\t\t\t<div class=\"elementor-widget-container\">\n\t\t\t\t\t<div class=\"elementor-template\">\n\t\t\t\t\t<div data-elementor-type=\"single-page\" data-elementor-id=\"802\" class=\"elementor elementor-802 elementor-591\" data-elementor-post-type=\"elementor_library\">\n\t\t\t<div class=\"elementor-element elementor-element-6877e7aa e-flex e-con-boxed e-con e-parent\" data-id=\"6877e7aa\" data-element_type=\"container\">\n\t\t\t\t\t<div class=\"e-con-inner\">\n\t\t<div class=\"elementor-element elementor-element-255c8725 e-con-full e-flex e-con e-child\" data-id=\"255c8725\" data-element_type=\"container\">\n\t\t<div class=\"elementor-element elementor-element-fdc4e5a e-con-full e-transform e-transform e-flex e-con e-child\" data-id=\"fdc4e5a\" data-element_type=\"container\" data-settings=\"{&quot;background_background&quot;:&quot;classic&quot;,&quot;_transform_translateY_effect&quot;:{&quot;unit&quot;:&quot;px&quot;,&quot;size&quot;:0,&quot;sizes&quot;:[]},&quot;_transform_flipX_effect&quot;:&quot;transform&quot;,&quot;_transform_translateX_effect&quot;:{&quot;unit&quot;:&quot;px&quot;,&quot;size&quot;:&quot;&quot;,&quot;sizes&quot;:[]},&quot;_transform_translateX_effect_tablet&quot;:{&quot;unit&quot;:&quot;px&quot;,&quot;size&quot;:&quot;&quot;,&quot;sizes&quot;:[]},&quot;_transform_translateX_effect_mobile&quot;:{&quot;unit&quot;:&quot;px&quot;,&quot;size&quot;:&quot;&quot;,&quot;sizes&quot;:[]},&quot;_transform_translateY_effect_tablet&quot;:{&quot;unit&quot;:&quot;px&quot;,&quot;size&quot;:&quot;&quot;,&quot;sizes&quot;:[]},&quot;_transform_translateY_effect_mobile&quot;:{&quot;unit&quot;:&quot;px&quot;,&quot;size&quot;:&quot;&quot;,&quot;sizes&quot;:[]}}\">\n\t\t\t\t<div class=\"elementor-element elementor-element-6c702170 e-transform e-transform elementor-widget elementor-widget-image\" data-id=\"6c702170\" data-element_type=\"widget\" data-settings=\"{&quot;_transform_translateX_effect&quot;:{&quot;unit&quot;:&quot;px&quot;,&quot;size&quot;:20,&quot;sizes&quot;:[]},&quot;_transform_translateY_effect&quot;:{&quot;unit&quot;:&quot;px&quot;,&quot;size&quot;:-20,&quot;sizes&quot;:[]},&quot;_transform_flipX_effect&quot;:&quot;transform&quot;,&quot;_transform_translateX_effect_tablet&quot;:{&quot;unit&quot;:&quot;px&quot;,&quot;size&quot;:&quot;&quot;,&quot;sizes&quot;:[]},&quot;_transform_translateX_effect_mobile&quot;:{&quot;unit&quot;:&quot;px&quot;,&quot;size&quot;:&quot;&quot;,&quot;sizes&quot;:[]},&quot;_transform_translateY_effect_tablet&quot;:{&quot;unit&quot;:&quot;px&quot;,&quot;size&quot;:&quot;&quot;,&quot;sizes&quot;:[]},&quot;_transform_translateY_effect_mobile&quot;:{&quot;unit&quot;:&quot;px&quot;,&quot;size&quot;:&quot;&quot;,&quot;sizes&quot;:[]}}\" data-widget_type=\"image.default\">\n\t\t\t\t<div class=\"elementor-widget-container\">\n\t\t\t<style>\/*! elementor - v3.23.0 - 05-08-2024 *\/\n.elementor-widget-image{text-align:center}.elementor-widget-image a{display:inline-block}.elementor-widget-image a img[src$=\".svg\"]{width:48px}.elementor-widget-image img{vertical-align:middle;display:inline-block}<\/style>\t\t\t\t\t\t\t\t\t\t<img fetchpriority=\"high\" decoding=\"async\" width=\"800\" height=\"772\" src=\"https:\/\/freewinds.vabamu.ee\/wp-content\/uploads\/2024\/08\/Coffin-Ship-popup-1-1024x988.jpg\" class=\"attachment-large size-large wp-image-1613\" alt=\"\" srcset=\"https:\/\/freewinds.vabamu.ee\/wp-content\/uploads\/2024\/08\/Coffin-Ship-popup-1-1024x988.jpg 1024w, https:\/\/freewinds.vabamu.ee\/wp-content\/uploads\/2024\/08\/Coffin-Ship-popup-1-300x289.jpg 300w, https:\/\/freewinds.vabamu.ee\/wp-content\/uploads\/2024\/08\/Coffin-Ship-popup-1-768x741.jpg 768w, https:\/\/freewinds.vabamu.ee\/wp-content\/uploads\/2024\/08\/Coffin-Ship-popup-1.jpg 1300w\" sizes=\"(max-width: 800px) 100vw, 800px\" \/>\t\t\t\t\t\t\t\t\t\t\t\t\t<\/div>\n\t\t\t\t<\/div>\n\t\t\t\t<div class=\"elementor-element elementor-element-1a53dadd e-transform e-transform elementor-widget elementor-widget-text-editor\" data-id=\"1a53dadd\" data-element_type=\"widget\" data-settings=\"{&quot;_transform_translateX_effect&quot;:{&quot;unit&quot;:&quot;px&quot;,&quot;size&quot;:0,&quot;sizes&quot;:[]},&quot;_transform_translateY_effect&quot;:{&quot;unit&quot;:&quot;px&quot;,&quot;size&quot;:-16,&quot;sizes&quot;:[]},&quot;_transform_flipX_effect&quot;:&quot;transform&quot;,&quot;_transform_translateX_effect_tablet&quot;:{&quot;unit&quot;:&quot;px&quot;,&quot;size&quot;:&quot;&quot;,&quot;sizes&quot;:[]},&quot;_transform_translateX_effect_mobile&quot;:{&quot;unit&quot;:&quot;px&quot;,&quot;size&quot;:&quot;&quot;,&quot;sizes&quot;:[]},&quot;_transform_translateY_effect_tablet&quot;:{&quot;unit&quot;:&quot;px&quot;,&quot;size&quot;:&quot;&quot;,&quot;sizes&quot;:[]},&quot;_transform_translateY_effect_mobile&quot;:{&quot;unit&quot;:&quot;px&quot;,&quot;size&quot;:&quot;&quot;,&quot;sizes&quot;:[]}}\" data-widget_type=\"text-editor.default\">\n\t\t\t\t<div class=\"elementor-widget-container\">\n\t\t\t\t\t\t\t<p><span style=\"font-weight: 400;\">Meres\u00f5iduks k\u00f5lbmatu Victory j\u00f5udis 1949. aastal 385 inimesega pardal v\u00e4lja Iirimaale, kus tal ei lubatud enam j\u00e4tkata s\u00f5itu \u00fcle Atlandi.<\/span><\/p>\t\t\t\t\t\t<\/div>\n\t\t\t\t<\/div>\n\t\t\t\t<\/div>\n\t\t\t\t<\/div>\n\t\t\t\t<div class=\"elementor-element elementor-element-1830cd21 elementor-widget elementor-widget-text-editor\" data-id=\"1830cd21\" data-element_type=\"widget\" data-widget_type=\"text-editor.default\">\n\t\t\t\t<div class=\"elementor-widget-container\">\n\t\t\t\t\t\t\t<h1>Katkenud merereisid<\/h1>\n<p><span style=\"font-weight: 400;\">Valdav osa teekonda alustanud p\u00f5genikelaevadest j\u00f5udis teisele poole Atlandi ookeani. Kuna aga ettevalmistusi tehti suure saladuskatte all, ei saa me ilmselt kunagi p\u00e4ris t\u00e4pselt teada, kui paljud laevad muutsid oma algselt planeeritud kurssi, j\u00e4id kuhugi poolele teele pidama v\u00f5i l\u00e4ksid p\u00f5hja.&nbsp;<\/span><\/p>\n<p><span style=\"font-weight: 400;\">M\u00f5ned merereisid luhtusid juba enne, kui j\u00f5udsid alatagi. Raamatus \u201cEestlased Kanadas\u201d (1975) kirjeldatakse kedagi kapten H. Rangi, kes \u00fcritas kaheksa kaaslasega juba 1944. aasta detsembris v\u00e4ikese paadiga Stockholmist lahkuda. Paat j\u00e4i pidevalt lumes ja udus kaldasse kinni, nii et meeskond laadis selle Norrk\u00f6pingis rongi peale ning suundus G\u00f6teborgi sadamasse. Seal v\u00f5ttis mehi vastu aga kohalik politseipatrull ning nende Atlandi-seiklus l\u00f5ppes Rootsi p\u00f5genikelaagris.&nbsp;<\/span><\/p>\n<p><span style=\"font-weight: 400;\">Meres\u00f5iduks k\u00f5lbmatu <a href=\"https:\/\/freewinds.vabamu.ee\/et\/victory\/\">Victory<\/a> j\u00f5udis 1949. aastal 385 inimesega pardal v\u00e4lja Iirimaale, kus tal ei lubatud enam j\u00e4tkata s\u00f5itu \u00fcle Atlandi. Laev pandi koguni dokki luku taha, et ta ei saaks salaja lahkuda. Enamik Victory reisijatest siiski j\u00f5udis l\u00f5puks muude s\u00f5iduvahenditega siiski Kanadasse.&nbsp;<\/span><\/p>\t\t\t\t\t\t<\/div>\n\t\t\t\t<\/div>\n\t\t\t\t\t<\/div>\n\t\t\t\t<\/div>\n\t\t<div class=\"elementor-element elementor-element-78163ea8 e-flex e-con-boxed e-con e-parent\" data-id=\"78163ea8\" data-element_type=\"container\">\n\t\t\t\t\t<div class=\"e-con-inner\">\n\t\t\t\t<div class=\"elementor-element elementor-element-6b25ffcd elementor-widget elementor-widget-text-editor\" data-id=\"6b25ffcd\" data-element_type=\"widget\" data-widget_type=\"text-editor.default\">\n\t\t\t\t<div class=\"elementor-widget-container\">\n\t\t\t\t\t\t\t<p><span style=\"font-weight: 400;\">Samuti 1949. aastal j\u00f5udis USA idarannikule Baltimore\u2019i, Marylandi osariigis, alus nimega Parita, mille meeskond kapten A. Rahessoni juhtimisel ja reisijad lahkusid laevast. Pole siiani selge, kas Parita oli p\u00f5genikelaev v\u00f5i kasutasid pardal olnud lihtsalt juhust ning palusid USAs as\u00fc\u00fcli, mida neile ei antud. See seltskond j\u00f5udis l\u00f5puks samuti Kanadasse.\u00a0<\/span><\/p><p><span style=\"font-weight: 400;\">K\u00f5igist edukalt l\u00f5ppenud merereisidest olid k\u00f5ige pikemad ja keerulisemad reisid L\u00f5una-Aafrikasse. Rootsist asus sinna teele kuus laeva, kuid kohale j\u00f5udis ainult kolm: Dagmar, Ann-Mari ja Ly. Elvi ja Aina j\u00e4id pidama Hispaanias ja me ei tea, kus l\u00f5ppes Ruthi merereis.<\/span><\/p><p><strong>Laeva nimi \/ Lahkumise kuup\u00e4ev \/ Reisijaid \/ Plaanitud sihtpunkt \/ Reisi l\u00f5pp<\/strong><\/p><p><b>Elvi<\/b> <span style=\"font-weight: 400;\">17. september 1946 \u00a0 \u00a0 18<\/span> <span style=\"font-weight: 400;\"> \u00a0 \u00a0 L\u00f5una-Aafrika<\/span> <span style=\"font-weight: 400;\"> \u00a0 \u00a0 \u00a0 Hispaania<\/span><\/p><p><b>Aina<\/b> <span style=\"font-weight: 400;\">6. november 1946 <\/span> <span style=\"font-weight: 400;\">\u00a0 \u00a0 \u00a0 ?<\/span> <span style=\"font-weight: 400;\"> \u00a0 \u00a0 L\u00f5una-Aafrika\u00a0 \u00a0 \u00a0 \u00a0 \u00a0 \u00a0 \u00a0 \u00a0Hispaania<\/span><\/p><p><b>Ruth <\/b> <span style=\"font-weight: 400;\">6. august 1947 <\/span> <span style=\"font-weight: 400;\">\u00a0 \u00a0 \u00a0 ?<\/span> <span style=\"font-weight: 400;\"> \u00a0 \u00a0 L\u00f5una-Aafrika<\/span> <span style=\"font-weight: 400;\">\u00a0 \u00a0 \u00a0 \u00a0 ?<\/span><\/p><p><b>Billy <\/b> <span style=\"font-weight: 400;\">8. juuli 1948 <\/span> <span style=\"font-weight: 400;\">\u00a0 \u00a0 \u00a0 40<\/span> <span style=\"font-weight: 400;\"> \u00a0 \u00a0 USA\u00a0<\/span> <span style=\"font-weight: 400;\">\u00a0 \u00a0 \u00a0 \u00a0 ilmselt uppus<\/span><\/p><p><b>Victory <\/b> <span style=\"font-weight: 400;\">25. september 1949\u00a0 \u00a0 \u00a0 385<\/span> <span style=\"font-weight: 400;\">\u00a0 \u00a0 \u00a0Kanada<\/span> <span style=\"font-weight: 400;\">\u00a0 \u00a0 \u00a0 \u00a0 Cork, Iirimaa<\/span><\/p><p><b>Parita <\/b> <span style=\"font-weight: 400;\">1949 <\/span> <span style=\"font-weight: 400;\"> \u00a0 \u00a0 \u00a0 \u00a0 \u00a0 \u00a0 \u00a0 \u00a0 13<\/span> <span style=\"font-weight: 400;\">\u00a0 \u00a0 \u00a0 <\/span> <span style=\"font-weight: 400;\"> \u00a0 \u00a0 ?<\/span> <span style=\"font-weight: 400;\"> \u00a0 \u00a0 \u00a0 Baltimore, USA\u00a0<\/span><\/p><p><b>KOKKU <\/b> <b>v\u00e4hemalt\u00a0 \u00a0 456<\/b><\/p><p><br \/><br \/><\/p>\t\t\t\t\t\t<\/div>\n\t\t\t\t<\/div>\n\t\t\t\t\t<\/div>\n\t\t\t\t<\/div>\n\t\t\t\t<\/div>\n\t\t\t\t<\/div>\n\t\t\t\t<\/div>\n\t\t\t\t<\/div>\n\t\t\t\t<\/div>\n\t\t\t\t<\/div>\n\t\t\t\t<\/div>\n\t\t\t\t<\/div>\n\t\t","protected":false},"excerpt":{"rendered":"","protected":false},"author":3,"featured_media":0,"parent":0,"menu_order":0,"comment_status":"closed","ping_status":"closed","template":"","meta":{"footnotes":""},"class_list":["post-2107","page","type-page","status-publish","hentry"],"_links":{"self":[{"href":"https:\/\/freewinds.vabamu.ee\/et\/wp-json\/wp\/v2\/pages\/2107","targetHints":{"allow":["GET"]}}],"collection":[{"href":"https:\/\/freewinds.vabamu.ee\/et\/wp-json\/wp\/v2\/pages"}],"about":[{"href":"https:\/\/freewinds.vabamu.ee\/et\/wp-json\/wp\/v2\/types\/page"}],"author":[{"embeddable":true,"href":"https:\/\/freewinds.vabamu.ee\/et\/wp-json\/wp\/v2\/users\/3"}],"replies":[{"embeddable":true,"href":"https:\/\/freewinds.vabamu.ee\/et\/wp-json\/wp\/v2\/comments?post=2107"}],"version-history":[{"count":0,"href":"https:\/\/freewinds.vabamu.ee\/et\/wp-json\/wp\/v2\/pages\/2107\/revisions"}],"wp:attachment":[{"href":"https:\/\/freewinds.vabamu.ee\/et\/wp-json\/wp\/v2\/media?parent=2107"}],"curies":[{"name":"wp","href":"https:\/\/api.w.org\/{rel}","templated":true}]}}