{"id":2143,"date":"2024-09-16T07:01:58","date_gmt":"2024-09-16T07:01:58","guid":{"rendered":"https:\/\/freewinds.vabamu.ee\/ruth\/"},"modified":"2024-10-10T08:10:47","modified_gmt":"2024-10-10T08:10:47","slug":"ruth","status":"publish","type":"page","link":"https:\/\/freewinds.vabamu.ee\/et\/ruth\/","title":{"rendered":"Ruth"},"content":{"rendered":"\t\t<div data-elementor-type=\"wp-page\" data-elementor-id=\"2143\" class=\"elementor elementor-2143 elementor-1642\" data-elementor-post-type=\"page\">\n\t\t\t\t<div class=\"elementor-element elementor-element-ce806fe e-con-full e-flex e-con e-parent\" data-id=\"ce806fe\" data-element_type=\"container\" data-settings=\"{&quot;background_background&quot;:&quot;classic&quot;}\">\n\t\t<div class=\"elementor-element elementor-element-afa89d2 e-con-full e-flex e-con e-child\" data-id=\"afa89d2\" data-element_type=\"container\" data-settings=\"{&quot;background_background&quot;:&quot;classic&quot;}\">\n\t\t<div class=\"elementor-element elementor-element-6a12916 e-con-full e-flex e-con e-child\" data-id=\"6a12916\" data-element_type=\"container\" data-settings=\"{&quot;background_background&quot;:&quot;classic&quot;}\">\n\t\t\t\t<div class=\"elementor-element elementor-element-90a7fbd elementor-widget elementor-widget-template\" data-id=\"90a7fbd\" data-element_type=\"widget\" data-widget_type=\"template.default\">\n\t\t\t\t<div class=\"elementor-widget-container\">\n\t\t\t\t\t<div class=\"elementor-template\">\n\t\t\t\t\t<div data-elementor-type=\"page\" data-elementor-id=\"2485\" class=\"elementor elementor-2485 elementor-2452\" data-elementor-post-type=\"elementor_library\">\n\t\t\t\t<div class=\"elementor-element elementor-element-2d3eb771 e-con-full e-flex e-con e-child\" data-id=\"2d3eb771\" data-element_type=\"container\" data-settings=\"{&quot;background_background&quot;:&quot;classic&quot;,&quot;sticky&quot;:&quot;top&quot;,&quot;sticky_on&quot;:[&quot;tablet&quot;,&quot;mobile&quot;],&quot;sticky_offset_tablet&quot;:119,&quot;sticky_offset_mobile&quot;:110,&quot;sticky_offset&quot;:0,&quot;sticky_effects_offset&quot;:0}\">\n\t\t\t\t<div class=\"elementor-element elementor-element-96cba2d elementor-widget-tablet__width-initial elementor-hidden-desktop elementor-widget elementor-widget-text-editor\" data-id=\"96cba2d\" data-element_type=\"widget\" data-settings=\"{&quot;sticky&quot;:&quot;top&quot;,&quot;sticky_on&quot;:[&quot;desktop&quot;,&quot;tablet&quot;,&quot;mobile&quot;],&quot;sticky_offset&quot;:0,&quot;sticky_effects_offset&quot;:0}\" data-widget_type=\"text-editor.default\">\n\t\t\t\t<div class=\"elementor-widget-container\">\n\t\t\t<style>\/*! elementor - v3.23.0 - 05-08-2024 *\/\n.elementor-widget-text-editor.elementor-drop-cap-view-stacked .elementor-drop-cap{background-color:#69727d;color:#fff}.elementor-widget-text-editor.elementor-drop-cap-view-framed .elementor-drop-cap{color:#69727d;border:3px solid;background-color:transparent}.elementor-widget-text-editor:not(.elementor-drop-cap-view-default) .elementor-drop-cap{margin-top:8px}.elementor-widget-text-editor:not(.elementor-drop-cap-view-default) .elementor-drop-cap-letter{width:1em;height:1em}.elementor-widget-text-editor .elementor-drop-cap{float:left;text-align:center;line-height:1;font-size:50px}.elementor-widget-text-editor .elementor-drop-cap-letter{display:inline-block}<\/style>\t\t\t\t<p>Alused<\/p>\t\t\t\t\t\t<\/div>\n\t\t\t\t<\/div>\n\t\t\t\t<div class=\"elementor-element elementor-element-5d280a7 elementor-nav-menu__align-start elementor-widget__width-inherit elementor-nav-menu__text-align-center elementor-widget-tablet__width-initial elementor-nav-menu--dropdown-tablet elementor-nav-menu--toggle elementor-nav-menu--burger elementor-widget elementor-widget-nav-menu\" data-id=\"5d280a7\" data-element_type=\"widget\" data-settings=\"{&quot;layout&quot;:&quot;vertical&quot;,&quot;submenu_icon&quot;:{&quot;value&quot;:&quot;&lt;svg class=\\&quot;e-font-icon-svg e-fas-caret-down\\&quot; viewBox=\\&quot;0 0 320 512\\&quot; xmlns=\\&quot;http:\\\/\\\/www.w3.org\\\/2000\\\/svg\\&quot;&gt;&lt;path d=\\&quot;M31.3 192h257.3c17.8 0 26.7 21.5 14.1 34.1L174.1 354.8c-7.8 7.8-20.5 7.8-28.3 0L17.2 226.1C4.6 213.5 13.5 192 31.3 192z\\&quot;&gt;&lt;\\\/path&gt;&lt;\\\/svg&gt;&quot;,&quot;library&quot;:&quot;fa-solid&quot;},&quot;toggle&quot;:&quot;burger&quot;}\" data-widget_type=\"nav-menu.default\">\n\t\t\t\t<div class=\"elementor-widget-container\">\n\t\t\t<link rel=\"stylesheet\" href=\"https:\/\/freewinds.vabamu.ee\/wp-content\/plugins\/elementor-pro\/assets\/css\/widget-nav-menu.min.css?ver=1728544689\">\t\t\t<nav aria-label=\"Menu\" class=\"elementor-nav-menu--main elementor-nav-menu__container elementor-nav-menu--layout-vertical e--pointer-underline e--animation-fade\">\n\t\t\t\t<ul id=\"menu-1-5d280a7\" class=\"elementor-nav-menu sm-vertical\"><li class=\"menu-item menu-item-type-post_type menu-item-object-page menu-item-2099\"><a href=\"https:\/\/freewinds.vabamu.ee\/victory\/\" class=\"elementor-item\">Victory<\/a><\/li>\n<li class=\"menu-item menu-item-type-post_type menu-item-object-page menu-item-2100\"><a href=\"https:\/\/freewinds.vabamu.ee\/billy\/\" class=\"elementor-item\">Billy<\/a><\/li>\n<li class=\"menu-item menu-item-type-post_type menu-item-object-page menu-item-2101\"><a href=\"https:\/\/freewinds.vabamu.ee\/ruth\/\" class=\"elementor-item\">Ruth<\/a><\/li>\n<li class=\"menu-item menu-item-type-post_type menu-item-object-page menu-item-2163\"><a href=\"https:\/\/freewinds.vabamu.ee\/elvi\/\" class=\"elementor-item\">Elvi<\/a><\/li>\n<li class=\"menu-item menu-item-type-post_type menu-item-object-page menu-item-2103\"><a href=\"https:\/\/freewinds.vabamu.ee\/aina\/\" class=\"elementor-item\">Aina<\/a><\/li>\n<li class=\"menu-item menu-item-type-post_type menu-item-object-page menu-item-2104\"><a href=\"https:\/\/freewinds.vabamu.ee\/other-broken-journeys\/\" class=\"elementor-item\">Teised katkenud reisid<\/a><\/li>\n<\/ul>\t\t\t<\/nav>\n\t\t\t\t\t<div class=\"elementor-menu-toggle\" role=\"button\" tabindex=\"0\" aria-label=\"Menu Toggle\" aria-expanded=\"false\">\n\t\t\t<svg aria-hidden=\"true\" role=\"presentation\" class=\"elementor-menu-toggle__icon--open e-font-icon-svg e-eicon-menu-bar\" viewBox=\"0 0 1000 1000\" xmlns=\"http:\/\/www.w3.org\/2000\/svg\"><path d=\"M104 333H896C929 333 958 304 958 271S929 208 896 208H104C71 208 42 237 42 271S71 333 104 333ZM104 583H896C929 583 958 554 958 521S929 458 896 458H104C71 458 42 487 42 521S71 583 104 583ZM104 833H896C929 833 958 804 958 771S929 708 896 708H104C71 708 42 737 42 771S71 833 104 833Z\"><\/path><\/svg><svg aria-hidden=\"true\" role=\"presentation\" class=\"elementor-menu-toggle__icon--close e-font-icon-svg e-eicon-close\" viewBox=\"0 0 1000 1000\" xmlns=\"http:\/\/www.w3.org\/2000\/svg\"><path d=\"M742 167L500 408 258 167C246 154 233 150 217 150 196 150 179 158 167 167 154 179 150 196 150 212 150 229 154 242 171 254L408 500 167 742C138 771 138 800 167 829 196 858 225 858 254 829L496 587 738 829C750 842 767 846 783 846 800 846 817 842 829 829 842 817 846 804 846 783 846 767 842 750 829 737L588 500 833 258C863 229 863 200 833 171 804 137 775 137 742 167Z\"><\/path><\/svg>\t\t\t<span class=\"elementor-screen-only\">Menu<\/span>\n\t\t<\/div>\n\t\t\t\t\t<nav class=\"elementor-nav-menu--dropdown elementor-nav-menu__container\" aria-hidden=\"true\">\n\t\t\t\t<ul id=\"menu-2-5d280a7\" class=\"elementor-nav-menu sm-vertical\"><li class=\"menu-item menu-item-type-post_type menu-item-object-page menu-item-2099\"><a href=\"https:\/\/freewinds.vabamu.ee\/victory\/\" class=\"elementor-item\" tabindex=\"-1\">Victory<\/a><\/li>\n<li class=\"menu-item menu-item-type-post_type menu-item-object-page menu-item-2100\"><a href=\"https:\/\/freewinds.vabamu.ee\/billy\/\" class=\"elementor-item\" tabindex=\"-1\">Billy<\/a><\/li>\n<li class=\"menu-item menu-item-type-post_type menu-item-object-page menu-item-2101\"><a href=\"https:\/\/freewinds.vabamu.ee\/ruth\/\" class=\"elementor-item\" tabindex=\"-1\">Ruth<\/a><\/li>\n<li class=\"menu-item menu-item-type-post_type menu-item-object-page menu-item-2163\"><a href=\"https:\/\/freewinds.vabamu.ee\/elvi\/\" class=\"elementor-item\" tabindex=\"-1\">Elvi<\/a><\/li>\n<li class=\"menu-item menu-item-type-post_type menu-item-object-page menu-item-2103\"><a href=\"https:\/\/freewinds.vabamu.ee\/aina\/\" class=\"elementor-item\" tabindex=\"-1\">Aina<\/a><\/li>\n<li class=\"menu-item menu-item-type-post_type menu-item-object-page menu-item-2104\"><a href=\"https:\/\/freewinds.vabamu.ee\/other-broken-journeys\/\" class=\"elementor-item\" tabindex=\"-1\">Teised katkenud reisid<\/a><\/li>\n<\/ul>\t\t\t<\/nav>\n\t\t\t\t<\/div>\n\t\t\t\t<\/div>\n\t\t\t\t<\/div>\n\t\t\t\t<\/div>\n\t\t\t\t<\/div>\n\t\t\t\t<\/div>\n\t\t\t\t<\/div>\n\t\t\t\t<\/div>\n\t\t<div class=\"elementor-element elementor-element-07b9967 e-con-full e-flex e-con e-child\" data-id=\"07b9967\" data-element_type=\"container\">\n\t\t\t\t<div class=\"elementor-element elementor-element-2b5d22d elementor-widget elementor-widget-template\" data-id=\"2b5d22d\" data-element_type=\"widget\" data-widget_type=\"template.default\">\n\t\t\t\t<div class=\"elementor-widget-container\">\n\t\t\t\t\t<div class=\"elementor-template\">\n\t\t\t\t\t<div data-elementor-type=\"page\" data-elementor-id=\"2116\" class=\"elementor elementor-2116 elementor-1639\" data-elementor-post-type=\"elementor_library\">\n\t\t\t\t<div class=\"elementor-element elementor-element-5b37dd98 e-flex e-con-boxed e-con e-parent\" data-id=\"5b37dd98\" data-element_type=\"container\">\n\t\t\t\t\t<div class=\"e-con-inner\">\n\t\t\t\t<div class=\"elementor-element elementor-element-620fb433 elementor-widget elementor-widget-text-editor\" data-id=\"620fb433\" data-element_type=\"widget\" data-widget_type=\"text-editor.default\">\n\t\t\t\t<div class=\"elementor-widget-container\">\n\t\t\t<style>\/*! elementor - v3.23.0 - 05-08-2024 *\/\n.elementor-widget-text-editor.elementor-drop-cap-view-stacked .elementor-drop-cap{background-color:#69727d;color:#fff}.elementor-widget-text-editor.elementor-drop-cap-view-framed .elementor-drop-cap{color:#69727d;border:3px solid;background-color:transparent}.elementor-widget-text-editor:not(.elementor-drop-cap-view-default) .elementor-drop-cap{margin-top:8px}.elementor-widget-text-editor:not(.elementor-drop-cap-view-default) .elementor-drop-cap-letter{width:1em;height:1em}.elementor-widget-text-editor .elementor-drop-cap{float:left;text-align:center;line-height:1;font-size:50px}.elementor-widget-text-editor .elementor-drop-cap-letter{display:inline-block}<\/style>\t\t\t\t<h1>Ruth<\/h1>\n<p><span style=\"font-weight: 400;\">Aastal 1946 ostis kapten Viktor Luik Dagmari reisi korraldanud J\u00fcri Kaudlalt aluse nimega Ruth. Ajaleht V\u00e4lis-Eesti teatas 1947. aasta 6. augustil, et Ruth lahkus G\u00f6teborgist L\u00f5una-Aafrika suurima sadamalinna Durbani suunas. Kahjuks ei olnud selles artiklis mingit t\u00e4iendavat infot laeva ega selle reisijate kohta.&nbsp;<\/span><\/p>\n<p><span style=\"font-weight: 400;\">Siiski on teada, et Taanis v\u00f5ttis Ruth uusi reisijaid peale, l\u00e4bis seej\u00e4rel Kieli kanali ja peatus Hamburgis, Saksamaal, kust v\u00f5eti peale veel reisijaid, kelle seas oli ka kapten Luige tulevane abikaasa Senta Grunzig. Hamburgist lahkudes pidas Briti merev\u00e4epatrull Ruthi viis p\u00e4eva kinni Cuxhaveni sadamas. Laevast eemaldati taanlastest reisijad, kes olevat vanglast plehku pannud.<\/span><\/p>\n<p><span style=\"font-weight: 400;\">Edasisel teekonnal peatus Ruth Portsmouthis, Brestis, Coru\u00f1as, Lissabonis, Huelvas, Cadizis, Tangieris, Rabatis ja Casablancas, veetes igas sadamas umbes n\u00e4dala. Kapten Luik otsustas kohapeal kaubavedusid pakkudes lisaraha teenida, mis oli paljudele reisijatele vastuv\u00f5etamatu. Kui kolm inimest olid Casablancas korraks maale l\u00e4inud, otsustas Luik lihtsalt minema s\u00f5ita, j\u00e4ttes reisijad Prantsusmaa v\u00f5imu all olnud Marokosse l\u00f5ksu.&nbsp;<\/span><\/p>\n<p><span style=\"font-weight: 400;\">Viktor Luige enda ja tema kaasa Senta Grunzigi reis l\u00f5ppes Venezuelas, kui Hispaanias pardale tulnud reisijad tema laeva kaaperdasid. Luik ja Grunzig j\u00e4idki elama Venezuelasse, kuid Ruthi saatusest pole rohkem teada, kui et L\u00f5una-Aafrikasse ei j\u00f5udnud ta kunagi.&nbsp;<\/span><\/p>\n<p><\/p>\n<p><span style=\"font-weight: 400;\">Teada olevad meeskonnaliikmed ja reisijad:&nbsp;<\/span><\/p>\n<ul>\n<li style=\"font-weight: 400;\" aria-level=\"1\"><span style=\"font-weight: 400;\">Kapten Viktor Luik<\/span><\/li>\n<li style=\"font-weight: 400;\" aria-level=\"1\"><span style=\"font-weight: 400;\">Senta Grunzig<\/span><\/li>\n<\/ul>\t\t\t\t\t\t<\/div>\n\t\t\t\t<\/div>\n\t\t\t\t\t<\/div>\n\t\t\t\t<\/div>\n\t\t\t\t<\/div>\n\t\t\t\t<\/div>\n\t\t\t\t<\/div>\n\t\t\t\t<\/div>\n\t\t\t\t<\/div>\n\t\t\t\t<\/div>\n\t\t\t\t<\/div>\n\t\t\t\t<\/div>\n\t\t","protected":false},"excerpt":{"rendered":"","protected":false},"author":3,"featured_media":0,"parent":0,"menu_order":0,"comment_status":"closed","ping_status":"closed","template":"","meta":{"footnotes":""},"class_list":["post-2143","page","type-page","status-publish","hentry"],"_links":{"self":[{"href":"https:\/\/freewinds.vabamu.ee\/et\/wp-json\/wp\/v2\/pages\/2143","targetHints":{"allow":["GET"]}}],"collection":[{"href":"https:\/\/freewinds.vabamu.ee\/et\/wp-json\/wp\/v2\/pages"}],"about":[{"href":"https:\/\/freewinds.vabamu.ee\/et\/wp-json\/wp\/v2\/types\/page"}],"author":[{"embeddable":true,"href":"https:\/\/freewinds.vabamu.ee\/et\/wp-json\/wp\/v2\/users\/3"}],"replies":[{"embeddable":true,"href":"https:\/\/freewinds.vabamu.ee\/et\/wp-json\/wp\/v2\/comments?post=2143"}],"version-history":[{"count":0,"href":"https:\/\/freewinds.vabamu.ee\/et\/wp-json\/wp\/v2\/pages\/2143\/revisions"}],"wp:attachment":[{"href":"https:\/\/freewinds.vabamu.ee\/et\/wp-json\/wp\/v2\/media?parent=2143"}],"curies":[{"name":"wp","href":"https:\/\/api.w.org\/{rel}","templated":true}]}}