{"id":2370,"date":"2024-09-18T14:15:54","date_gmt":"2024-09-18T14:15:54","guid":{"rendered":"https:\/\/freewinds.vabamu.ee\/a-refugees-story\/"},"modified":"2024-10-10T08:17:03","modified_gmt":"2024-10-10T08:17:03","slug":"a-refugees-story","status":"publish","type":"page","link":"https:\/\/freewinds.vabamu.ee\/et\/a-refugees-story\/","title":{"rendered":"P\u00f5geniku lugu"},"content":{"rendered":"\t\t<div data-elementor-type=\"wp-page\" data-elementor-id=\"2370\" class=\"elementor elementor-2370 elementor-1875\" data-elementor-post-type=\"page\">\n\t\t\t\t<div class=\"elementor-element elementor-element-ce806fe e-con-full e-flex e-con e-parent\" data-id=\"ce806fe\" data-element_type=\"container\" data-settings=\"{&quot;background_background&quot;:&quot;classic&quot;}\">\n\t\t<div class=\"elementor-element elementor-element-afa89d2 e-con-full e-flex e-con e-child\" data-id=\"afa89d2\" data-element_type=\"container\" data-settings=\"{&quot;background_background&quot;:&quot;classic&quot;}\">\n\t\t<div class=\"elementor-element elementor-element-6a12916 e-con-full e-flex e-con e-child\" data-id=\"6a12916\" data-element_type=\"container\" data-settings=\"{&quot;background_background&quot;:&quot;classic&quot;}\">\n\t\t\t\t<div class=\"elementor-element elementor-element-bc15a9a elementor-widget elementor-widget-template\" data-id=\"bc15a9a\" data-element_type=\"widget\" data-widget_type=\"template.default\">\n\t\t\t\t<div class=\"elementor-widget-container\">\n\t\t\t\t\t<div class=\"elementor-template\">\n\t\t\t\t\t<div data-elementor-type=\"page\" data-elementor-id=\"2447\" class=\"elementor elementor-2447 elementor-2446\" data-elementor-post-type=\"elementor_library\">\n\t\t\t\t<div class=\"elementor-element elementor-element-2d3eb771 e-con-full e-flex e-con e-child\" data-id=\"2d3eb771\" data-element_type=\"container\" data-settings=\"{&quot;background_background&quot;:&quot;classic&quot;,&quot;sticky&quot;:&quot;top&quot;,&quot;sticky_on&quot;:[&quot;tablet&quot;,&quot;mobile&quot;],&quot;sticky_offset_tablet&quot;:119,&quot;sticky_offset_mobile&quot;:110,&quot;sticky_offset&quot;:0,&quot;sticky_effects_offset&quot;:0}\">\n\t\t\t\t<div class=\"elementor-element elementor-element-96cba2d elementor-widget-tablet__width-initial elementor-hidden-desktop elementor-widget elementor-widget-text-editor\" data-id=\"96cba2d\" data-element_type=\"widget\" data-settings=\"{&quot;sticky&quot;:&quot;top&quot;,&quot;sticky_on&quot;:[&quot;desktop&quot;,&quot;tablet&quot;,&quot;mobile&quot;],&quot;sticky_offset&quot;:0,&quot;sticky_effects_offset&quot;:0}\" data-widget_type=\"text-editor.default\">\n\t\t\t\t<div class=\"elementor-widget-container\">\n\t\t\t<style>\/*! elementor - v3.23.0 - 05-08-2024 *\/\n.elementor-widget-text-editor.elementor-drop-cap-view-stacked .elementor-drop-cap{background-color:#69727d;color:#fff}.elementor-widget-text-editor.elementor-drop-cap-view-framed .elementor-drop-cap{color:#69727d;border:3px solid;background-color:transparent}.elementor-widget-text-editor:not(.elementor-drop-cap-view-default) .elementor-drop-cap{margin-top:8px}.elementor-widget-text-editor:not(.elementor-drop-cap-view-default) .elementor-drop-cap-letter{width:1em;height:1em}.elementor-widget-text-editor .elementor-drop-cap{float:left;text-align:center;line-height:1;font-size:50px}.elementor-widget-text-editor .elementor-drop-cap-letter{display:inline-block}<\/style>\t\t\t\t<p>Alused<\/p>\t\t\t\t\t\t<\/div>\n\t\t\t\t<\/div>\n\t\t\t\t<div class=\"elementor-element elementor-element-5d280a7 elementor-nav-menu__align-start elementor-widget__width-inherit elementor-nav-menu__text-align-center elementor-widget-tablet__width-initial elementor-nav-menu--dropdown-tablet elementor-nav-menu--toggle elementor-nav-menu--burger elementor-widget elementor-widget-nav-menu\" data-id=\"5d280a7\" data-element_type=\"widget\" data-settings=\"{&quot;layout&quot;:&quot;vertical&quot;,&quot;submenu_icon&quot;:{&quot;value&quot;:&quot;&lt;svg class=\\&quot;e-font-icon-svg e-fas-caret-down\\&quot; viewBox=\\&quot;0 0 320 512\\&quot; xmlns=\\&quot;http:\\\/\\\/www.w3.org\\\/2000\\\/svg\\&quot;&gt;&lt;path d=\\&quot;M31.3 192h257.3c17.8 0 26.7 21.5 14.1 34.1L174.1 354.8c-7.8 7.8-20.5 7.8-28.3 0L17.2 226.1C4.6 213.5 13.5 192 31.3 192z\\&quot;&gt;&lt;\\\/path&gt;&lt;\\\/svg&gt;&quot;,&quot;library&quot;:&quot;fa-solid&quot;},&quot;toggle&quot;:&quot;burger&quot;}\" data-widget_type=\"nav-menu.default\">\n\t\t\t\t<div class=\"elementor-widget-container\">\n\t\t\t<link rel=\"stylesheet\" href=\"https:\/\/freewinds.vabamu.ee\/wp-content\/plugins\/elementor-pro\/assets\/css\/widget-nav-menu.min.css?ver=1728544689\">\t\t\t<nav aria-label=\"Menu\" class=\"elementor-nav-menu--main elementor-nav-menu__container elementor-nav-menu--layout-vertical e--pointer-underline e--animation-fade\">\n\t\t\t\t<ul id=\"menu-1-5d280a7\" class=\"elementor-nav-menu sm-vertical\"><li class=\"menu-item menu-item-type-post_type menu-item-object-page menu-item-1149\"><a href=\"https:\/\/freewinds.vabamu.ee\/astrid\/\" class=\"elementor-item\">Astrid<\/a><\/li>\n<li class=\"menu-item menu-item-type-post_type menu-item-object-page menu-item-1150\"><a href=\"https:\/\/freewinds.vabamu.ee\/atlanta\/\" class=\"elementor-item\">Atlanta<\/a><\/li>\n<li class=\"menu-item menu-item-type-post_type menu-item-object-page menu-item-1152\"><a href=\"https:\/\/freewinds.vabamu.ee\/capry\/\" class=\"elementor-item\">Capry<\/a><\/li>\n<li class=\"menu-item menu-item-type-post_type menu-item-object-page menu-item-1154\"><a href=\"https:\/\/freewinds.vabamu.ee\/ostervag\/\" class=\"elementor-item\">O\u0308sterv\u00e5g<\/a><\/li>\n<li class=\"menu-item menu-item-type-post_type menu-item-object-page menu-item-1157\"><a href=\"https:\/\/freewinds.vabamu.ee\/ss-walnut\/\" class=\"elementor-item\">Walnut<\/a><\/li>\n<li class=\"menu-item menu-item-type-post_type menu-item-object-page menu-item-1158\"><a href=\"https:\/\/freewinds.vabamu.ee\/we-gladstone\/\" class=\"elementor-item\">Gladstone<\/a><\/li>\n<li class=\"menu-item menu-item-type-post_type menu-item-object-page menu-item-1151\"><a href=\"https:\/\/freewinds.vabamu.ee\/brilliant\/\" class=\"elementor-item\">Brilliant<\/a><\/li>\n<li class=\"menu-item menu-item-type-post_type menu-item-object-page menu-item-1155\"><a href=\"https:\/\/freewinds.vabamu.ee\/parnu\/\" class=\"elementor-item\">P\u00e4rnu<\/a><\/li>\n<li class=\"menu-item menu-item-type-post_type menu-item-object-page menu-item-1156\"><a href=\"https:\/\/freewinds.vabamu.ee\/sarabande\/\" class=\"elementor-item\">Sarabande<\/a><\/li>\n<li class=\"menu-item menu-item-type-post_type menu-item-object-page menu-item-1148\"><a href=\"https:\/\/freewinds.vabamu.ee\/amanda\/\" class=\"elementor-item\">Amanda<\/a><\/li>\n<li class=\"menu-item menu-item-type-post_type menu-item-object-page menu-item-1153\"><a href=\"https:\/\/freewinds.vabamu.ee\/goran\/\" class=\"elementor-item\">G\u00f6ran<\/a><\/li>\n<li class=\"menu-item menu-item-type-post_type menu-item-object-page menu-item-1879\"><a href=\"https:\/\/freewinds.vabamu.ee\/a-refugees-story\/\" class=\"elementor-item\">P\u00f5geniku lugu<\/a><\/li>\n<\/ul>\t\t\t<\/nav>\n\t\t\t\t\t<div class=\"elementor-menu-toggle\" role=\"button\" tabindex=\"0\" aria-label=\"Menu Toggle\" aria-expanded=\"false\">\n\t\t\t<svg aria-hidden=\"true\" role=\"presentation\" class=\"elementor-menu-toggle__icon--open e-font-icon-svg e-eicon-menu-bar\" viewBox=\"0 0 1000 1000\" xmlns=\"http:\/\/www.w3.org\/2000\/svg\"><path d=\"M104 333H896C929 333 958 304 958 271S929 208 896 208H104C71 208 42 237 42 271S71 333 104 333ZM104 583H896C929 583 958 554 958 521S929 458 896 458H104C71 458 42 487 42 521S71 583 104 583ZM104 833H896C929 833 958 804 958 771S929 708 896 708H104C71 708 42 737 42 771S71 833 104 833Z\"><\/path><\/svg><svg aria-hidden=\"true\" role=\"presentation\" class=\"elementor-menu-toggle__icon--close e-font-icon-svg e-eicon-close\" viewBox=\"0 0 1000 1000\" xmlns=\"http:\/\/www.w3.org\/2000\/svg\"><path d=\"M742 167L500 408 258 167C246 154 233 150 217 150 196 150 179 158 167 167 154 179 150 196 150 212 150 229 154 242 171 254L408 500 167 742C138 771 138 800 167 829 196 858 225 858 254 829L496 587 738 829C750 842 767 846 783 846 800 846 817 842 829 829 842 817 846 804 846 783 846 767 842 750 829 737L588 500 833 258C863 229 863 200 833 171 804 137 775 137 742 167Z\"><\/path><\/svg>\t\t\t<span class=\"elementor-screen-only\">Menu<\/span>\n\t\t<\/div>\n\t\t\t\t\t<nav class=\"elementor-nav-menu--dropdown elementor-nav-menu__container\" aria-hidden=\"true\">\n\t\t\t\t<ul id=\"menu-2-5d280a7\" class=\"elementor-nav-menu sm-vertical\"><li class=\"menu-item menu-item-type-post_type menu-item-object-page menu-item-1149\"><a href=\"https:\/\/freewinds.vabamu.ee\/astrid\/\" class=\"elementor-item\" tabindex=\"-1\">Astrid<\/a><\/li>\n<li class=\"menu-item menu-item-type-post_type menu-item-object-page menu-item-1150\"><a href=\"https:\/\/freewinds.vabamu.ee\/atlanta\/\" class=\"elementor-item\" tabindex=\"-1\">Atlanta<\/a><\/li>\n<li class=\"menu-item menu-item-type-post_type menu-item-object-page menu-item-1152\"><a href=\"https:\/\/freewinds.vabamu.ee\/capry\/\" class=\"elementor-item\" tabindex=\"-1\">Capry<\/a><\/li>\n<li class=\"menu-item menu-item-type-post_type menu-item-object-page menu-item-1154\"><a href=\"https:\/\/freewinds.vabamu.ee\/ostervag\/\" class=\"elementor-item\" tabindex=\"-1\">O\u0308sterv\u00e5g<\/a><\/li>\n<li class=\"menu-item menu-item-type-post_type menu-item-object-page menu-item-1157\"><a href=\"https:\/\/freewinds.vabamu.ee\/ss-walnut\/\" class=\"elementor-item\" tabindex=\"-1\">Walnut<\/a><\/li>\n<li class=\"menu-item menu-item-type-post_type menu-item-object-page menu-item-1158\"><a href=\"https:\/\/freewinds.vabamu.ee\/we-gladstone\/\" class=\"elementor-item\" tabindex=\"-1\">Gladstone<\/a><\/li>\n<li class=\"menu-item menu-item-type-post_type menu-item-object-page menu-item-1151\"><a href=\"https:\/\/freewinds.vabamu.ee\/brilliant\/\" class=\"elementor-item\" tabindex=\"-1\">Brilliant<\/a><\/li>\n<li class=\"menu-item menu-item-type-post_type menu-item-object-page menu-item-1155\"><a href=\"https:\/\/freewinds.vabamu.ee\/parnu\/\" class=\"elementor-item\" tabindex=\"-1\">P\u00e4rnu<\/a><\/li>\n<li class=\"menu-item menu-item-type-post_type menu-item-object-page menu-item-1156\"><a href=\"https:\/\/freewinds.vabamu.ee\/sarabande\/\" class=\"elementor-item\" tabindex=\"-1\">Sarabande<\/a><\/li>\n<li class=\"menu-item menu-item-type-post_type menu-item-object-page menu-item-1148\"><a href=\"https:\/\/freewinds.vabamu.ee\/amanda\/\" class=\"elementor-item\" tabindex=\"-1\">Amanda<\/a><\/li>\n<li class=\"menu-item menu-item-type-post_type menu-item-object-page menu-item-1153\"><a href=\"https:\/\/freewinds.vabamu.ee\/goran\/\" class=\"elementor-item\" tabindex=\"-1\">G\u00f6ran<\/a><\/li>\n<li class=\"menu-item menu-item-type-post_type menu-item-object-page menu-item-1879\"><a href=\"https:\/\/freewinds.vabamu.ee\/a-refugees-story\/\" class=\"elementor-item\" tabindex=\"-1\">P\u00f5geniku lugu<\/a><\/li>\n<\/ul>\t\t\t<\/nav>\n\t\t\t\t<\/div>\n\t\t\t\t<\/div>\n\t\t\t\t<\/div>\n\t\t\t\t<\/div>\n\t\t\t\t<\/div>\n\t\t\t\t<\/div>\n\t\t\t\t<\/div>\n\t\t\t\t<\/div>\n\t\t<div class=\"elementor-element elementor-element-07b9967 e-con-full e-flex e-con e-child\" data-id=\"07b9967\" data-element_type=\"container\">\n\t\t\t\t<div class=\"elementor-element elementor-element-0e03d77 elementor-widget elementor-widget-template\" data-id=\"0e03d77\" data-element_type=\"widget\" data-widget_type=\"template.default\">\n\t\t\t\t<div class=\"elementor-widget-container\">\n\t\t\t\t\t<div class=\"elementor-template\">\n\t\t\t\t\t<div data-elementor-type=\"page\" data-elementor-id=\"2127\" class=\"elementor elementor-2127 elementor-1869\" data-elementor-post-type=\"elementor_library\">\n\t\t\t\t<div class=\"elementor-element elementor-element-7c033f34 e-transform e-flex e-con-boxed e-con e-parent\" data-id=\"7c033f34\" data-element_type=\"container\" data-settings=\"{&quot;_transform_flipX_effect&quot;:&quot;transform&quot;}\">\n\t\t\t\t\t<div class=\"e-con-inner\">\n\t\t<div class=\"elementor-element elementor-element-36f554ad e-con-full e-flex e-con e-child\" data-id=\"36f554ad\" data-element_type=\"container\">\n\t\t<div class=\"elementor-element elementor-element-72cf1c8a e-con-full e-transform e-transform e-flex e-con e-child\" data-id=\"72cf1c8a\" data-element_type=\"container\" data-settings=\"{&quot;background_background&quot;:&quot;classic&quot;,&quot;_transform_translateY_effect&quot;:{&quot;unit&quot;:&quot;px&quot;,&quot;size&quot;:0,&quot;sizes&quot;:[]},&quot;_transform_flipX_effect&quot;:&quot;transform&quot;,&quot;_transform_translateX_effect&quot;:{&quot;unit&quot;:&quot;px&quot;,&quot;size&quot;:&quot;&quot;,&quot;sizes&quot;:[]},&quot;_transform_translateX_effect_tablet&quot;:{&quot;unit&quot;:&quot;px&quot;,&quot;size&quot;:&quot;&quot;,&quot;sizes&quot;:[]},&quot;_transform_translateX_effect_mobile&quot;:{&quot;unit&quot;:&quot;px&quot;,&quot;size&quot;:&quot;&quot;,&quot;sizes&quot;:[]},&quot;_transform_translateY_effect_tablet&quot;:{&quot;unit&quot;:&quot;px&quot;,&quot;size&quot;:&quot;&quot;,&quot;sizes&quot;:[]},&quot;_transform_translateY_effect_mobile&quot;:{&quot;unit&quot;:&quot;px&quot;,&quot;size&quot;:&quot;&quot;,&quot;sizes&quot;:[]}}\">\n\t\t\t\t<div class=\"elementor-element elementor-element-52b5b4c1 e-transform elementor-widget elementor-widget-image\" data-id=\"52b5b4c1\" data-element_type=\"widget\" data-settings=\"{&quot;_transform_translateX_effect&quot;:{&quot;unit&quot;:&quot;px&quot;,&quot;size&quot;:20,&quot;sizes&quot;:[]},&quot;_transform_translateY_effect&quot;:{&quot;unit&quot;:&quot;px&quot;,&quot;size&quot;:-20,&quot;sizes&quot;:[]},&quot;_transform_translateX_effect_tablet&quot;:{&quot;unit&quot;:&quot;px&quot;,&quot;size&quot;:&quot;&quot;,&quot;sizes&quot;:[]},&quot;_transform_translateX_effect_mobile&quot;:{&quot;unit&quot;:&quot;px&quot;,&quot;size&quot;:&quot;&quot;,&quot;sizes&quot;:[]},&quot;_transform_translateY_effect_tablet&quot;:{&quot;unit&quot;:&quot;px&quot;,&quot;size&quot;:&quot;&quot;,&quot;sizes&quot;:[]},&quot;_transform_translateY_effect_mobile&quot;:{&quot;unit&quot;:&quot;px&quot;,&quot;size&quot;:&quot;&quot;,&quot;sizes&quot;:[]}}\" data-widget_type=\"image.default\">\n\t\t\t\t<div class=\"elementor-widget-container\">\n\t\t\t<style>\/*! elementor - v3.23.0 - 05-08-2024 *\/\n.elementor-widget-image{text-align:center}.elementor-widget-image a{display:inline-block}.elementor-widget-image a img[src$=\".svg\"]{width:48px}.elementor-widget-image img{vertical-align:middle;display:inline-block}<\/style>\t\t\t\t\t\t\t\t\t\t<img fetchpriority=\"high\" decoding=\"async\" width=\"800\" height=\"607\" src=\"https:\/\/freewinds.vabamu.ee\/wp-content\/uploads\/2024\/09\/IMG_4272-1024x777.jpg\" class=\"attachment-large size-large wp-image-1943\" alt=\"\" srcset=\"https:\/\/freewinds.vabamu.ee\/wp-content\/uploads\/2024\/09\/IMG_4272-1024x777.jpg 1024w, https:\/\/freewinds.vabamu.ee\/wp-content\/uploads\/2024\/09\/IMG_4272-300x228.jpg 300w, https:\/\/freewinds.vabamu.ee\/wp-content\/uploads\/2024\/09\/IMG_4272-768x583.jpg 768w, https:\/\/freewinds.vabamu.ee\/wp-content\/uploads\/2024\/09\/IMG_4272-1536x1166.jpg 1536w, https:\/\/freewinds.vabamu.ee\/wp-content\/uploads\/2024\/09\/IMG_4272-2048x1555.jpg 2048w\" sizes=\"(max-width: 800px) 100vw, 800px\" \/>\t\t\t\t\t\t\t\t\t\t\t\t\t<\/div>\n\t\t\t\t<\/div>\n\t\t\t\t<div class=\"elementor-element elementor-element-735833af e-transform elementor-widget elementor-widget-text-editor\" data-id=\"735833af\" data-element_type=\"widget\" data-settings=\"{&quot;_transform_translateX_effect&quot;:{&quot;unit&quot;:&quot;px&quot;,&quot;size&quot;:0,&quot;sizes&quot;:[]},&quot;_transform_translateY_effect&quot;:{&quot;unit&quot;:&quot;px&quot;,&quot;size&quot;:-16,&quot;sizes&quot;:[]},&quot;_transform_translateX_effect_tablet&quot;:{&quot;unit&quot;:&quot;px&quot;,&quot;size&quot;:&quot;&quot;,&quot;sizes&quot;:[]},&quot;_transform_translateX_effect_mobile&quot;:{&quot;unit&quot;:&quot;px&quot;,&quot;size&quot;:&quot;&quot;,&quot;sizes&quot;:[]},&quot;_transform_translateY_effect_tablet&quot;:{&quot;unit&quot;:&quot;px&quot;,&quot;size&quot;:&quot;&quot;,&quot;sizes&quot;:[]},&quot;_transform_translateY_effect_mobile&quot;:{&quot;unit&quot;:&quot;px&quot;,&quot;size&quot;:&quot;&quot;,&quot;sizes&quot;:[]}}\" data-widget_type=\"text-editor.default\">\n\t\t\t\t<div class=\"elementor-widget-container\">\n\t\t\t<style>\/*! elementor - v3.23.0 - 05-08-2024 *\/\n.elementor-widget-text-editor.elementor-drop-cap-view-stacked .elementor-drop-cap{background-color:#69727d;color:#fff}.elementor-widget-text-editor.elementor-drop-cap-view-framed .elementor-drop-cap{color:#69727d;border:3px solid;background-color:transparent}.elementor-widget-text-editor:not(.elementor-drop-cap-view-default) .elementor-drop-cap{margin-top:8px}.elementor-widget-text-editor:not(.elementor-drop-cap-view-default) .elementor-drop-cap-letter{width:1em;height:1em}.elementor-widget-text-editor .elementor-drop-cap{float:left;text-align:center;line-height:1;font-size:50px}.elementor-widget-text-editor .elementor-drop-cap-letter{display:inline-block}<\/style>\t\t\t\t<p><span style=\"font-weight: 400;\">Valda oma poegade Jurise (3) ja Valdisega (5).<\/span><\/p>\t\t\t\t\t\t<\/div>\n\t\t\t\t<\/div>\n\t\t\t\t<\/div>\n\t\t\t\t<\/div>\n\t\t<div class=\"elementor-element elementor-element-30de6f96 e-con-full e-flex e-con e-child\" data-id=\"30de6f96\" data-element_type=\"container\">\n\t\t\t\t<div class=\"elementor-element elementor-element-5f8364d9 e-transform elementor-widget elementor-widget-text-editor\" data-id=\"5f8364d9\" data-element_type=\"widget\" data-settings=\"{&quot;_transform_flipX_effect&quot;:&quot;transform&quot;}\" data-widget_type=\"text-editor.default\">\n\t\t\t\t<div class=\"elementor-widget-container\">\n\t\t\t\t\t\t\t<h1>\u00dche p\u00f5geniku lugu<\/h1>\n<p><span style=\"font-weight: 400;\">2009. aastal ilmunud m\u00e4lestusraamatus \u201cTeekond vabadusse\u201d<\/span> <span style=\"font-weight: 400;\">kirjutab Valda Zvanitajs oma teekonnast 1949. aastal Sarabande pardal Kanadasse. Enamik Rootsi saabunud p\u00f5genikke oli punaarmee eest p\u00f5genedes kodudest lahkunud 1944. aasta s\u00fcgisel, kuid Valda lahkus koos oma kahe v\u00e4ikese pojaga Ventspilsi sadamast viimase L\u00e4tist lahkunud laevaga alles 5. m\u00e4rtsil 1945.<\/span><\/p>\n<p><span style=\"font-weight: 400;\">Valda Zvanitajse kogemus Rootsis oli sarnane paljude teiste Balti p\u00f5genikega:<\/span><\/p>\t\t\t\t\t\t<\/div>\n\t\t\t\t<\/div>\n\t\t\t\t<\/div>\n\t\t\t\t\t<\/div>\n\t\t\t\t<\/div>\n\t\t<div class=\"elementor-element elementor-element-432f1a6d e-flex e-con-boxed e-con e-parent\" data-id=\"432f1a6d\" data-element_type=\"container\">\n\t\t\t\t\t<div class=\"e-con-inner\">\n\t\t\t\t<div class=\"elementor-element elementor-element-a65da74 elementor-widget elementor-widget-text-editor\" data-id=\"a65da74\" data-element_type=\"widget\" data-widget_type=\"text-editor.default\">\n\t\t\t\t<div class=\"elementor-widget-container\">\n\t\t\t\t\t\t\t<p><i><span style=\"font-weight: 400;\">\u201cRootsis elades tundsime sageli tahmatult venelaste kohalolekut. Stockholmis kadus p\u00e4ise p\u00e4eva ajal t\u00e4navalt kaks eesti last; kaks n\u00e4dalat hiljem v\u00f5is nende h\u00e4\u00e4li kuulda Tallinna raadiost, kui nad kutsusid oma vanemaid koju enda juurde.<\/span><\/i><\/p><p><i><span style=\"font-weight: 400;\">\u00dchel p\u00e4eval k\u00fclastas Vilist* Rootsi politseimundris mees. Tal oli kaasas \u00fcsna mahukas nimekiri, mis koosnes ainult l\u00e4tlaste nimedest.<\/span><\/i><\/p><p><i><span style=\"font-weight: 400;\">\u201cKas teie olete Eduard Zvanitajs?\u201d k\u00fcsis mees.<\/span><\/i><\/p><p><i><span style=\"font-weight: 400;\">\u201cSiin on mu pass,\u201d vastas Vilis, n\u00e4idates ametnikule oma Rootsi passi, kus tema nimeks oli Vilis. Tal oligi tegelikult kaks nime, Eduard ja Vilis, kuid kogu elu oli ta kasutanud vaid viimast.<\/span><\/i><\/p><p><i><span style=\"font-weight: 400;\">Politseinik j\u00e4tkas tema pinnimist, et kas ta ikkagi ei v\u00f5i olla tema m\u00e4rkmikusse kirja pandud Eduard, kuna isegi s\u00fcnnikuup\u00e4ev oli neil sama. Vilis n\u00e4itas taas oma passi. Siis k\u00fcsis politseinik, ega tal ei juhtu olema venda v\u00f5i n\u00f5bu, kelle nimeks on Eduard.Oli ilmne, et ta oli Eduardi leidmisest v\u00e4ga huvitet. Vilis j\u00e4i endale kindlaks, et nii nagu ka passis kirjas, ei ole tema sama isik, ning l\u00f5puks j\u00e4ttis v\u00f5\u00f5ras ta rahule.\u00a0<\/span><\/i><\/p><p><i><span style=\"font-weight: 400;\">See juhtum tekitas Vilises rahutust ja ta l\u00e4ks kohalikku politseijaoskonda uurima, mida temast tahetakse. Politseinikud ei osanud mitte midagi kosta selle kohta, et keegi nende jaoskonnnast oleks selliseid k\u00fcsitlusi l\u00e4bi viinud, ega olnud nende teada teinud seda ka \u00fckski teine politsei\u00fcksus. Seega tekkis k\u00fcsimus, kas Eduardi otsis taga venelane v\u00f5i m\u00f5ni venelaste heaks t\u00f6\u00f6tav rootslane. See tekitas meis sellist rahutust, et hakkasime otsima v\u00f5imalusi saada sellest ohtlikust naabrist nii kaugele kui v\u00f5imalik. Kahjuks oli sel ajal Ameerika \u00dchendriikidesse v\u00f5i Kanadasse emigreerumine v\u00e4ga keeruline ja kulukas ettev\u00f5tmine.<\/span><\/i><\/p><p><i><span style=\"font-weight: 400;\">Ilmselt olid teistel l\u00e4tlastel samasugused m\u00f5tted. Mitu ettev\u00f5tlikku inimest said kokku, ostsid \u00fcheskoos laeva ja otsustasid korraldada ebaseadusliku merereisi \u00fcle ookeani, lootuses, et kui p\u00f5genikelaev on juba P\u00f5hja-Ameerikas, ei hakka keegi seda sealt tagasi saatma ning nad v\u00f5ivad j\u00e4\u00e4da sinna ja oma eludega uuesti alustada.\u201d<\/span><\/i><\/p>\t\t\t\t\t\t<\/div>\n\t\t\t\t<\/div>\n\t\t\t\t\t<\/div>\n\t\t\t\t<\/div>\n\t\t<div class=\"elementor-element elementor-element-1f4daac e-flex e-con-boxed e-con e-parent\" data-id=\"1f4daac\" data-element_type=\"container\">\n\t\t\t\t\t<div class=\"e-con-inner\">\n\t\t\t\t<div class=\"elementor-element elementor-element-2b50e08 elementor-widget elementor-widget-text-editor\" data-id=\"2b50e08\" data-element_type=\"widget\" data-widget_type=\"text-editor.default\">\n\t\t\t\t<div class=\"elementor-widget-container\">\n\t\t\t\t\t\t\t<p><span style=\"font-weight: 400;\">*Vilis oli Valda Zvanitajse teine abikaasa. Tema esimene mees Antons Nadolskis oli n\u00f5ukogude v\u00e4gede poolt arreteeritud l\u00e4tlaste p\u00f5genemisele aitamisel ning m\u00f5istetud k\u00fcmneks aastaks Siberi vangilaagrisse. Ta j\u00e4i k\u00fcll ellu, kuid perekond ei kohtunud enam kunagi. Vilise esimene naine ja kasut\u00fctar saadeti samuti Siberisse ning nende saatusest ei ole rohkem paraku midagi teada.<\/span><\/p>\t\t\t\t\t\t<\/div>\n\t\t\t\t<\/div>\n\t\t\t\t\t<\/div>\n\t\t\t\t<\/div>\n\t\t\t\t<\/div>\n\t\t\t\t<\/div>\n\t\t\t\t<\/div>\n\t\t\t\t<\/div>\n\t\t\t\t<\/div>\n\t\t\t\t<\/div>\n\t\t\t\t<\/div>\n\t\t\t\t<\/div>\n\t\t","protected":false},"excerpt":{"rendered":"","protected":false},"author":3,"featured_media":0,"parent":0,"menu_order":0,"comment_status":"closed","ping_status":"closed","template":"","meta":{"footnotes":""},"class_list":["post-2370","page","type-page","status-publish","hentry"],"_links":{"self":[{"href":"https:\/\/freewinds.vabamu.ee\/et\/wp-json\/wp\/v2\/pages\/2370","targetHints":{"allow":["GET"]}}],"collection":[{"href":"https:\/\/freewinds.vabamu.ee\/et\/wp-json\/wp\/v2\/pages"}],"about":[{"href":"https:\/\/freewinds.vabamu.ee\/et\/wp-json\/wp\/v2\/types\/page"}],"author":[{"embeddable":true,"href":"https:\/\/freewinds.vabamu.ee\/et\/wp-json\/wp\/v2\/users\/3"}],"replies":[{"embeddable":true,"href":"https:\/\/freewinds.vabamu.ee\/et\/wp-json\/wp\/v2\/comments?post=2370"}],"version-history":[{"count":0,"href":"https:\/\/freewinds.vabamu.ee\/et\/wp-json\/wp\/v2\/pages\/2370\/revisions"}],"wp:attachment":[{"href":"https:\/\/freewinds.vabamu.ee\/et\/wp-json\/wp\/v2\/media?parent=2370"}],"curies":[{"name":"wp","href":"https:\/\/api.w.org\/{rel}","templated":true}]}}