{"id":2146,"date":"2024-09-16T07:00:23","date_gmt":"2024-09-16T07:00:23","guid":{"rendered":"https:\/\/freewinds.vabamu.ee\/aina\/"},"modified":"2024-10-09T11:57:14","modified_gmt":"2024-10-09T11:57:14","slug":"aina","status":"publish","type":"page","link":"https:\/\/freewinds.vabamu.ee\/sv\/aina\/","title":{"rendered":"Aina"},"content":{"rendered":"\t\t<div data-elementor-type=\"wp-page\" data-elementor-id=\"2146\" class=\"elementor elementor-2146 elementor-1640\" data-elementor-post-type=\"page\">\n\t\t\t\t<div class=\"elementor-element elementor-element-ce806fe e-con-full e-flex e-con e-parent\" data-id=\"ce806fe\" data-element_type=\"container\" data-settings=\"{&quot;background_background&quot;:&quot;classic&quot;}\">\n\t\t<div class=\"elementor-element elementor-element-afa89d2 e-con-full e-flex e-con e-child\" data-id=\"afa89d2\" data-element_type=\"container\" data-settings=\"{&quot;background_background&quot;:&quot;classic&quot;}\">\n\t\t<div class=\"elementor-element elementor-element-6a12916 e-con-full e-flex e-con e-child\" data-id=\"6a12916\" data-element_type=\"container\" data-settings=\"{&quot;background_background&quot;:&quot;classic&quot;}\">\n\t\t\t\t<div class=\"elementor-element elementor-element-ef5b71d elementor-widget elementor-widget-template\" data-id=\"ef5b71d\" data-element_type=\"widget\" data-widget_type=\"template.default\">\n\t\t\t\t<div class=\"elementor-widget-container\">\n\t\t\t\t\t<div class=\"elementor-template\">\n\t\t\t\t\t<div data-elementor-type=\"page\" data-elementor-id=\"2486\" class=\"elementor elementor-2486 elementor-2452\" data-elementor-post-type=\"elementor_library\">\n\t\t\t\t<div class=\"elementor-element elementor-element-2d3eb771 e-con-full e-flex e-con e-child\" data-id=\"2d3eb771\" data-element_type=\"container\" data-settings=\"{&quot;background_background&quot;:&quot;classic&quot;,&quot;sticky&quot;:&quot;top&quot;,&quot;sticky_on&quot;:[&quot;tablet&quot;,&quot;mobile&quot;],&quot;sticky_offset_tablet&quot;:119,&quot;sticky_offset_mobile&quot;:110,&quot;sticky_offset&quot;:0,&quot;sticky_effects_offset&quot;:0}\">\n\t\t\t\t<div class=\"elementor-element elementor-element-96cba2d elementor-widget-tablet__width-initial elementor-hidden-desktop elementor-widget elementor-widget-text-editor\" data-id=\"96cba2d\" data-element_type=\"widget\" data-settings=\"{&quot;sticky&quot;:&quot;top&quot;,&quot;sticky_on&quot;:[&quot;desktop&quot;,&quot;tablet&quot;,&quot;mobile&quot;],&quot;sticky_offset&quot;:0,&quot;sticky_effects_offset&quot;:0}\" data-widget_type=\"text-editor.default\">\n\t\t\t\t<div class=\"elementor-widget-container\">\n\t\t\t<style>\/*! elementor - v3.23.0 - 05-08-2024 *\/\n.elementor-widget-text-editor.elementor-drop-cap-view-stacked .elementor-drop-cap{background-color:#69727d;color:#fff}.elementor-widget-text-editor.elementor-drop-cap-view-framed .elementor-drop-cap{color:#69727d;border:3px solid;background-color:transparent}.elementor-widget-text-editor:not(.elementor-drop-cap-view-default) .elementor-drop-cap{margin-top:8px}.elementor-widget-text-editor:not(.elementor-drop-cap-view-default) .elementor-drop-cap-letter{width:1em;height:1em}.elementor-widget-text-editor .elementor-drop-cap{float:left;text-align:center;line-height:1;font-size:50px}.elementor-widget-text-editor .elementor-drop-cap-letter{display:inline-block}<\/style>\t\t\t\t<p>Boats<\/p>\t\t\t\t\t\t<\/div>\n\t\t\t\t<\/div>\n\t\t\t\t<div class=\"elementor-element elementor-element-5d280a7 elementor-nav-menu__align-start elementor-widget__width-inherit elementor-nav-menu__text-align-center elementor-widget-tablet__width-initial elementor-nav-menu--dropdown-tablet elementor-nav-menu--toggle elementor-nav-menu--burger elementor-widget elementor-widget-nav-menu\" data-id=\"5d280a7\" data-element_type=\"widget\" data-settings=\"{&quot;layout&quot;:&quot;vertical&quot;,&quot;submenu_icon&quot;:{&quot;value&quot;:&quot;&lt;svg class=\\&quot;e-font-icon-svg e-fas-caret-down\\&quot; viewBox=\\&quot;0 0 320 512\\&quot; xmlns=\\&quot;http:\\\/\\\/www.w3.org\\\/2000\\\/svg\\&quot;&gt;&lt;path d=\\&quot;M31.3 192h257.3c17.8 0 26.7 21.5 14.1 34.1L174.1 354.8c-7.8 7.8-20.5 7.8-28.3 0L17.2 226.1C4.6 213.5 13.5 192 31.3 192z\\&quot;&gt;&lt;\\\/path&gt;&lt;\\\/svg&gt;&quot;,&quot;library&quot;:&quot;fa-solid&quot;},&quot;toggle&quot;:&quot;burger&quot;}\" data-widget_type=\"nav-menu.default\">\n\t\t\t\t<div class=\"elementor-widget-container\">\n\t\t\t<link rel=\"stylesheet\" href=\"https:\/\/freewinds.vabamu.ee\/wp-content\/plugins\/elementor-pro\/assets\/css\/widget-nav-menu.min.css?ver=1728544689\">\t\t\t<nav aria-label=\"Menu\" class=\"elementor-nav-menu--main elementor-nav-menu__container elementor-nav-menu--layout-vertical e--pointer-underline e--animation-fade\">\n\t\t\t\t<ul id=\"menu-1-5d280a7\" class=\"elementor-nav-menu sm-vertical\"><li class=\"menu-item menu-item-type-post_type menu-item-object-page menu-item-2099\"><a href=\"https:\/\/freewinds.vabamu.ee\/victory\/\" class=\"elementor-item\">Victory<\/a><\/li>\n<li class=\"menu-item menu-item-type-post_type menu-item-object-page menu-item-2100\"><a href=\"https:\/\/freewinds.vabamu.ee\/billy\/\" class=\"elementor-item\">Billy<\/a><\/li>\n<li class=\"menu-item menu-item-type-post_type menu-item-object-page menu-item-2101\"><a href=\"https:\/\/freewinds.vabamu.ee\/ruth\/\" class=\"elementor-item\">Ruth<\/a><\/li>\n<li class=\"menu-item menu-item-type-post_type menu-item-object-page menu-item-2163\"><a href=\"https:\/\/freewinds.vabamu.ee\/elvi\/\" class=\"elementor-item\">Elvi<\/a><\/li>\n<li class=\"menu-item menu-item-type-post_type menu-item-object-page menu-item-2103\"><a href=\"https:\/\/freewinds.vabamu.ee\/aina\/\" class=\"elementor-item\">Aina<\/a><\/li>\n<li class=\"menu-item menu-item-type-post_type menu-item-object-page menu-item-2104\"><a href=\"https:\/\/freewinds.vabamu.ee\/other-broken-journeys\/\" class=\"elementor-item\">Other Broken Journeys<\/a><\/li>\n<\/ul>\t\t\t<\/nav>\n\t\t\t\t\t<div class=\"elementor-menu-toggle\" role=\"button\" tabindex=\"0\" aria-label=\"Sl\u00e5 p\u00e5\/av meny\" aria-expanded=\"false\">\n\t\t\t<svg aria-hidden=\"true\" role=\"presentation\" class=\"elementor-menu-toggle__icon--open e-font-icon-svg e-eicon-menu-bar\" viewBox=\"0 0 1000 1000\" xmlns=\"http:\/\/www.w3.org\/2000\/svg\"><path d=\"M104 333H896C929 333 958 304 958 271S929 208 896 208H104C71 208 42 237 42 271S71 333 104 333ZM104 583H896C929 583 958 554 958 521S929 458 896 458H104C71 458 42 487 42 521S71 583 104 583ZM104 833H896C929 833 958 804 958 771S929 708 896 708H104C71 708 42 737 42 771S71 833 104 833Z\"><\/path><\/svg><svg aria-hidden=\"true\" role=\"presentation\" class=\"elementor-menu-toggle__icon--close e-font-icon-svg e-eicon-close\" viewBox=\"0 0 1000 1000\" xmlns=\"http:\/\/www.w3.org\/2000\/svg\"><path d=\"M742 167L500 408 258 167C246 154 233 150 217 150 196 150 179 158 167 167 154 179 150 196 150 212 150 229 154 242 171 254L408 500 167 742C138 771 138 800 167 829 196 858 225 858 254 829L496 587 738 829C750 842 767 846 783 846 800 846 817 842 829 829 842 817 846 804 846 783 846 767 842 750 829 737L588 500 833 258C863 229 863 200 833 171 804 137 775 137 742 167Z\"><\/path><\/svg>\t\t\t<span class=\"elementor-screen-only\">Meny<\/span>\n\t\t<\/div>\n\t\t\t\t\t<nav class=\"elementor-nav-menu--dropdown elementor-nav-menu__container\" aria-hidden=\"true\">\n\t\t\t\t<ul id=\"menu-2-5d280a7\" class=\"elementor-nav-menu sm-vertical\"><li class=\"menu-item menu-item-type-post_type menu-item-object-page menu-item-2099\"><a href=\"https:\/\/freewinds.vabamu.ee\/victory\/\" class=\"elementor-item\" tabindex=\"-1\">Victory<\/a><\/li>\n<li class=\"menu-item menu-item-type-post_type menu-item-object-page menu-item-2100\"><a href=\"https:\/\/freewinds.vabamu.ee\/billy\/\" class=\"elementor-item\" tabindex=\"-1\">Billy<\/a><\/li>\n<li class=\"menu-item menu-item-type-post_type menu-item-object-page menu-item-2101\"><a href=\"https:\/\/freewinds.vabamu.ee\/ruth\/\" class=\"elementor-item\" tabindex=\"-1\">Ruth<\/a><\/li>\n<li class=\"menu-item menu-item-type-post_type menu-item-object-page menu-item-2163\"><a href=\"https:\/\/freewinds.vabamu.ee\/elvi\/\" class=\"elementor-item\" tabindex=\"-1\">Elvi<\/a><\/li>\n<li class=\"menu-item menu-item-type-post_type menu-item-object-page menu-item-2103\"><a href=\"https:\/\/freewinds.vabamu.ee\/aina\/\" class=\"elementor-item\" tabindex=\"-1\">Aina<\/a><\/li>\n<li class=\"menu-item menu-item-type-post_type menu-item-object-page menu-item-2104\"><a href=\"https:\/\/freewinds.vabamu.ee\/other-broken-journeys\/\" class=\"elementor-item\" tabindex=\"-1\">Other Broken Journeys<\/a><\/li>\n<\/ul>\t\t\t<\/nav>\n\t\t\t\t<\/div>\n\t\t\t\t<\/div>\n\t\t\t\t<\/div>\n\t\t\t\t<\/div>\n\t\t\t\t<\/div>\n\t\t\t\t<\/div>\n\t\t\t\t<\/div>\n\t\t\t\t<\/div>\n\t\t<div class=\"elementor-element elementor-element-07b9967 e-con-full e-flex e-con e-child\" data-id=\"07b9967\" data-element_type=\"container\">\n\t\t\t\t<div class=\"elementor-element elementor-element-2b5d22d elementor-widget elementor-widget-template\" data-id=\"2b5d22d\" data-element_type=\"widget\" data-widget_type=\"template.default\">\n\t\t\t\t<div class=\"elementor-widget-container\">\n\t\t\t\t\t<div class=\"elementor-template\">\n\t\t\t\t\t<div data-elementor-type=\"page\" data-elementor-id=\"2121\" class=\"elementor elementor-2121 elementor-1636\" data-elementor-post-type=\"elementor_library\">\n\t\t\t\t<div class=\"elementor-element elementor-element-41ce566a e-flex e-con-boxed e-con e-parent\" data-id=\"41ce566a\" data-element_type=\"container\">\n\t\t\t\t\t<div class=\"e-con-inner\">\n\t\t\t\t<div class=\"elementor-element elementor-element-3d18d3da elementor-widget elementor-widget-text-editor\" data-id=\"3d18d3da\" data-element_type=\"widget\" data-widget_type=\"text-editor.default\">\n\t\t\t\t<div class=\"elementor-widget-container\">\n\t\t\t<style>\/*! elementor - v3.23.0 - 05-08-2024 *\/\n.elementor-widget-text-editor.elementor-drop-cap-view-stacked .elementor-drop-cap{background-color:#69727d;color:#fff}.elementor-widget-text-editor.elementor-drop-cap-view-framed .elementor-drop-cap{color:#69727d;border:3px solid;background-color:transparent}.elementor-widget-text-editor:not(.elementor-drop-cap-view-default) .elementor-drop-cap{margin-top:8px}.elementor-widget-text-editor:not(.elementor-drop-cap-view-default) .elementor-drop-cap-letter{width:1em;height:1em}.elementor-widget-text-editor .elementor-drop-cap{float:left;text-align:center;line-height:1;font-size:50px}.elementor-widget-text-editor .elementor-drop-cap-letter{display:inline-block}<\/style>\t\t\t\t<h1>Aina<\/h1><p><span style=\"font-weight: 400;\">Informationen om <\/span><i><span style=\"font-weight: 400;\">Aina <\/span><\/i><span style=\"font-weight: 400;\">\u00e4r bristf\u00e4llig, men det \u00e4r k\u00e4nt att resan planerades av personer med otillr\u00e4cklig erfarenhet av segling. Under h\u00f6sten 1946 samlade b\u00e5tens \u00e4gare, herr \u00dclenurm, en grupp av flyktingar med m\u00e5let att segla till Sydafrika. <\/span><i><span style=\"font-weight: 400;\">Aina <\/span><\/i><span style=\"font-weight: 400;\">var en 11 meter l\u00e5ng lotsb\u00e5t i tr\u00e4 f\u00f6r \u00e5tta passagerare och med en 15 hk motor.<\/span><\/p><p><span style=\"font-weight: 400;\">B\u00e5ten l\u00e4mnade S\u00f6dert\u00e4lje 6 november 1946, med riktning mot G\u00f6teborg via G\u00f6ta kanal. N\u00e4r <\/span><i><span style=\"font-weight: 400;\">Aina <\/span><\/i><span style=\"font-weight: 400;\">n\u00e5dde V\u00e4nern, st\u00f6tte b\u00e5ten p\u00e5 tufft v\u00e4der, och f\u00f6rem\u00e5l b\u00f6rjade ramla och g\u00e5 s\u00f6nder tills seglarnoviserna ins\u00e5g att allt ombord beh\u00f6vde bindas fast. De best\u00e4llde sen material f\u00f6r ett segel som var f\u00f6r tungt, och f\u00f6rs\u00f6kte hyra bes\u00e4ttning i G\u00f6teborg och Halmstad, men ingen var intresserad av att l\u00e4mna under vintern.<\/span><\/p><p><span style=\"font-weight: 400;\">N\u00e5gra av passagerarna ville v\u00e4nta till v\u00e5ren med avresa, men <\/span><i><span style=\"font-weight: 400;\">Aina <\/span><\/i><span style=\"font-weight: 400;\">l\u00e4mnade trots det Halmstad f\u00f6r Kiel i Tyskland 5 december 1946. Herr \u00dclenurm fick bli kapten, eftersom han talade engelska. B\u00e5ten hade inte r\u00e4tt dokument f\u00f6r att resa genom Kielkanalen, s\u00e5 flyktingarna sm\u00f6g igenom den olagligt med svensk flagg hissad, vilket gav dem prioritet f\u00f6r genomfart vid klaffbroar. Brittiska marininspekt\u00f6rer stoppade dem i Cuxhaven, Tyskland, men b\u00e5ten gavs till\u00e5telse att forts\u00e4tta.\u00a0<\/span><\/p><p><i><span style=\"font-weight: 400;\">Aina <\/span><\/i><span style=\"font-weight: 400;\">seglade f\u00f6rbi Nederl\u00e4nderna och Belgien, tills dess att ett fel p\u00e5 motorn tvingade dem att segla in i hamnen i Dunkirk, Frankrike, d\u00e4r bes\u00e4ttningen f\u00e4ste b\u00e5ten vid en pr\u00e5m. Passagerarna s\u00e5lde sina kl\u00e4der till fiskare f\u00f6r att t\u00e4cka kostnaderna f\u00f6r att reparera motorn, och l\u00e4mnade hamnen fem dagar senare. P\u00e5 v\u00e4gen s\u00f6derut l\u00e4ngs med den franska kusten, tvingade d\u00e5ligt v\u00e4der b\u00e5ten att s\u00f6ka skydd flera g\u00e5nger, bland annat vid den krigsh\u00e4rjade hamnen i Verdun.\u00a0<\/span><\/p><p><span style=\"font-weight: 400;\">D\u00e5 <\/span><i><span style=\"font-weight: 400;\">Aina <\/span><\/i><span style=\"font-weight: 400;\">n\u00e5dde Biscayabukten, seglade b\u00e5ten v\u00e4ldigt l\u00e5ngsamt och hade f\u00e5tt en l\u00e4cka &#8211; det hade tagit tv\u00e5 m\u00e5nader ist\u00e4llet f\u00f6r de planerade tv\u00e5 veckorna att n\u00e5 Spanien. Ett kustvaktsfartyg hj\u00e4lpte <\/span><i><span style=\"font-weight: 400;\">Aina <\/span><\/i><span style=\"font-weight: 400;\">att ta sig in i hamnen i Pasajes, d\u00e4r reparationer genomf\u00f6rdes utan kostnad. Passagerare till\u00e4ts \u00e4ven bo gratis p\u00e5 ett spanskt krigsfartyg medan b\u00e5ten reparerades. <\/span><i><span style=\"font-weight: 400;\">Aina <\/span><\/i><span style=\"font-weight: 400;\">fortsatte sedan segla v\u00e4sterut till Santander, Spanien, d\u00e4r kapten \u00dclenurm best\u00e4mde sig f\u00f6r att s\u00e4lja b\u00e5ten. Det \u00e4r inte k\u00e4nt var passagerarnas resa tog slut.<\/span><\/p><p><b>K\u00e4nda bes\u00e4ttningsmedlemmar och passagerare:<\/b><\/p><p><span style=\"font-weight: 400;\">Kapten \u00dclenurm<\/span><\/p>\t\t\t\t\t\t<\/div>\n\t\t\t\t<\/div>\n\t\t\t\t\t<\/div>\n\t\t\t\t<\/div>\n\t\t\t\t<\/div>\n\t\t\t\t<\/div>\n\t\t\t\t<\/div>\n\t\t\t\t<\/div>\n\t\t\t\t<\/div>\n\t\t\t\t<\/div>\n\t\t\t\t<\/div>\n\t\t\t\t<\/div>\n\t\t","protected":false},"excerpt":{"rendered":"","protected":false},"author":3,"featured_media":0,"parent":0,"menu_order":0,"comment_status":"closed","ping_status":"closed","template":"","meta":{"footnotes":""},"class_list":["post-2146","page","type-page","status-publish","hentry"],"_links":{"self":[{"href":"https:\/\/freewinds.vabamu.ee\/sv\/wp-json\/wp\/v2\/pages\/2146","targetHints":{"allow":["GET"]}}],"collection":[{"href":"https:\/\/freewinds.vabamu.ee\/sv\/wp-json\/wp\/v2\/pages"}],"about":[{"href":"https:\/\/freewinds.vabamu.ee\/sv\/wp-json\/wp\/v2\/types\/page"}],"author":[{"embeddable":true,"href":"https:\/\/freewinds.vabamu.ee\/sv\/wp-json\/wp\/v2\/users\/3"}],"replies":[{"embeddable":true,"href":"https:\/\/freewinds.vabamu.ee\/sv\/wp-json\/wp\/v2\/comments?post=2146"}],"version-history":[{"count":0,"href":"https:\/\/freewinds.vabamu.ee\/sv\/wp-json\/wp\/v2\/pages\/2146\/revisions"}],"wp:attachment":[{"href":"https:\/\/freewinds.vabamu.ee\/sv\/wp-json\/wp\/v2\/media?parent=2146"}],"curies":[{"name":"wp","href":"https:\/\/api.w.org\/{rel}","templated":true}]}}